{"id":5410,"date":"2024-05-16T16:06:00","date_gmt":"2024-05-16T14:06:00","guid":{"rendered":"https:\/\/l4m.io\/about-studio-l4m\/"},"modified":"2024-07-04T14:49:59","modified_gmt":"2024-07-04T12:49:59","slug":"about-studio-l4m","status":"publish","type":"page","link":"https:\/\/l4m.io\/en\/about-studio-l4m\/","title":{"rendered":"About Studio L4M"},"content":{"rendered":"<div class=\"wpb-content-wrapper\"><p>[vc_row type=&#8221;vc_default&#8221; gap=&#8221;30&#8243;][vc_column][vc_column_text css=&#8221;&#8221;]<\/p>\n<h2 style=\"text-align: center;\">About Studio L4M: we tell you everything!<\/h2>\n<p>&nbsp;<\/p>\n<p style=\"text-align: center;\"><strong>Founded in 2016<\/strong>, Studio L4M is<strong> your 3D creative partner<\/strong> dedicated to turning your ideas into stunning visual realities. Based in the Alpes Maritimes region of France, our studio uses state-of-the-art 3D modeling, real-time visualization and 3D rendering technologies to deliver ultra-realistic interior and exterior perspectives, immersive video animations and virtual tours.<\/p>\n<p>[\/vc_column_text][vc_empty_space height=&#8221;30px&#8221;][vc_column_text css=&#8221;&#8221;]<\/p>\n<h2 style=\"text-align: left;\"><span style=\"color: #000aff;\">Our mission<\/span><\/h2>\n<p>Our mission is to create visual works that capture the essence of your vision and offer you the most realistic and immersive communication and presentation possible for all your architectural, technical and landscape projects. We are committed to providing high-quality services that meet and exceed our customers&#8217; expectations.[\/vc_column_text][vc_empty_space height=&#8221;10px&#8221;][vc_column_text css=&#8221;&#8221;]<\/p>\n<h2 style=\"text-align: left;\"><span style=\"color: #000aff;\">Our team<\/span><\/h2>\n<p>Our team of expert architects, graphic designers and 3D animators is equipped with a complete machine environment and cutting-edge 3D solutions to create immersive, interactive 3D communication media for the promotion of architectural, urban and landscape projects.[\/vc_column_text][vc_empty_space height=&#8221;10px&#8221;][vc_column_text css=&#8221;&#8221;]<\/p>\n<h2 style=\"text-align: left;\"><span style=\"color: #000aff;\">Our customers<\/span><\/h2>\n<p><span style=\"color: #ffffff;\">On the strength of our experience, many companies have called on our expertise and placed their trust in us: <a style=\"color: #ffffff;\" href=\"https:\/\/www.lumion3d.fr\/\" target=\"_blank\" rel=\"noopener\">Lumion France<\/a>, M\u00e9tropole Nice C\u00f4te d&#8217;Azur, SNCF, Ville de Mougins, TP Spada, M\u00e9tropole Toulon Provence M\u00e9diterran\u00e9e, Jean Mus, T\u00e9r\u00e9lian, Jardins de Vend\u00e9e, Maisons Belon, etc.<\/span><\/p>\n<p><span style=\"color: #ffffff;\">The Studio assists local and regional authorities, as well as the various players in the Architecture, Construction, Urban Planning and Landscape sectors, in the promotion and communication of their projects : Discover <strong><a style=\"color: #ffffff;\" href=\"https:\/\/l4m.io\/en\/achievements\/\" target=\"_blank\" rel=\"noopener\">our achievements<\/a><\/strong>.<\/span>[\/vc_column_text][vc_empty_space height=&#8221;10px&#8221;][vc_column_text css=&#8221;&#8221;]<\/p>\n<h2 style=\"text-align: left;\"><span style=\"color: #000aff;\">Our services<\/span><\/h2>\n<p>We develop tailor-made experiences with innovative services to help you visualize and communicate your projects, and get the best results in the shortest possible time.[\/vc_column_text][\/vc_column][vc_column width=&#8221;1\/2&#8243;][vc_column_text css=&#8221;&#8221;]We have developed real expertise in accompanying and presenting projects at their various stages of creation:<\/p>\n<ul>\n<li style=\"color: #000aff;\"><span style=\"color: #ffffff;\">Digital models<\/span><\/li>\n<li style=\"color: #000aff;\"><span style=\"color: #ffffff;\">Real-time visualization<\/span><\/li>\n<li style=\"color: #000aff;\"><span style=\"color: #ffffff;\">3D interior and exterior perspectives<\/span><\/li>\n<li style=\"color: #000aff;\"><span style=\"color: #ffffff;\">3D animation films<\/span><\/li>\n<li style=\"color: #000aff;\"><span style=\"color: #ffffff;\">3D virtual reality tours<\/span><\/li>\n<li style=\"color: #000aff;\"><span style=\"color: #ffffff;\">3D modeling of plants, design objects, vehicles&#8230;<\/span><\/li>\n<\/ul>\n<p>[\/vc_column_text][vc_single_image image=&#8221;162&#8243; img_size=&#8221;medium&#8221; alignment=&#8221;center&#8221; css=&#8221;&#8221;][\/vc_column][vc_column width=&#8221;1\/2&#8243;][vc_column_text css=&#8221;&#8221;]We adapt to changing working methods and integrate all types of data (CAD\/DAO\/BIM), to provide you with the media and formats best suited to your needs and projects. We share project progress with you via an immersive exchange platform, enabling us to intervene at short notice:<\/p>\n<ul>\n<li style=\"color: #000aff;\"><span style=\"color: #ffffff;\">Communication support<\/span><\/li>\n<li style=\"color: #000aff;\"><span style=\"color: #ffffff;\">Decision support<\/span><\/li>\n<li style=\"color: #000aff;\"><span style=\"color: #ffffff;\">Real-time project tracking<\/span><\/li>\n<\/ul>\n<p>[\/vc_column_text][vc_single_image image=&#8221;429&#8243; img_size=&#8221;medium&#8221; alignment=&#8221;center&#8221; css=&#8221;&#8221;][\/vc_column][vc_column][vc_column_text css=&#8221;&#8221;]<\/p>\n<h2 style=\"text-align: left;\"><span style=\"color: #000aff;\">Why choose us?<\/span><\/h2>\n<p style=\"text-align: left;\">We have the immersive solution to meet your needs and turn your project into a true user experience.<\/p>\n<p>&nbsp;<\/p>\n<p style=\"text-align: center;\"><span style=\"color: #000aff;\"><strong><em>Professional expertise, Personalized approach, Advanced technology<\/em><\/strong><\/span><\/p>\n<p>[\/vc_column_text][\/vc_column][\/vc_row]<\/p>\n<\/div>","protected":false},"excerpt":{"rendered":"<p>[vc_row type=&#8221;vc_default&#8221; gap=&#8221;30&#8243;][vc_column][vc_column_text css=&#8221;&#8221;] About Studio L4M: we tell you everything! &nbsp; Founded in 2016, Studio L4M is your 3D creative partner dedicated to turning your ideas into stunning visual realities. Based in the Alpes Maritimes region of France, our studio uses state-of-the-art 3D modeling, real-time visualization and 3D rendering technologies to deliver ultra-realistic interior&hellip;<\/p>\n","protected":false},"author":1,"featured_media":0,"parent":0,"menu_order":0,"comment_status":"closed","ping_status":"closed","template":"","meta":{"inline_featured_image":false,"footnotes":""},"class_list":["post-5410","page","type-page","status-publish","hentry","description-off"],"yoast_head":"<!-- This site is optimized with the Yoast SEO Premium plugin v27.2 (Yoast SEO v27.3) - https:\/\/yoast.com\/product\/yoast-seo-premium-wordpress\/ -->\n<title>About Studio L4M: your 3D creative partner<\/title>\n<meta name=\"description\" content=\"About Studio L4M: a creative studio specializing in 3D visual production, serving architects, urban planners, landscape architects...\" \/>\n<meta name=\"robots\" content=\"index, follow, max-snippet:-1, max-image-preview:large, max-video-preview:-1\" \/>\n<link rel=\"canonical\" href=\"https:\/\/l4m.io\/en\/about-studio-l4m\/\" \/>\n<meta property=\"og:locale\" content=\"en_US\" \/>\n<meta property=\"og:type\" content=\"article\" \/>\n<meta property=\"og:title\" content=\"About Studio L4M: your 3D creative partner\" \/>\n<meta property=\"og:description\" content=\"About Studio L4M: a creative studio specializing in 3D visual production, serving architects, urban planners, landscape architects...\" \/>\n<meta property=\"og:url\" content=\"https:\/\/l4m.io\/en\/about-studio-l4m\/\" \/>\n<meta property=\"og:site_name\" content=\"Production visuelle 3D | Studio de perspectives 3D, films 3D et objets 3D\" \/>\n<meta property=\"article:modified_time\" content=\"2024-07-04T12:49:59+00:00\" \/>\n<meta property=\"og:image\" content=\"https:\/\/l4m.io\/wp-content\/uploads\/2024\/07\/a-propos-du-studio-l4m-qui-sommes-nous-projet-Dopamine.webp\" \/>\n\t<meta property=\"og:image:width\" content=\"1920\" \/>\n\t<meta property=\"og:image:height\" content=\"1080\" \/>\n\t<meta property=\"og:image:type\" content=\"image\/webp\" \/>\n<meta name=\"twitter:card\" content=\"summary_large_image\" \/>\n<meta name=\"twitter:title\" content=\"About Studio L4M\" \/>\n<meta name=\"twitter:label1\" content=\"Est. reading time\" \/>\n\t<meta name=\"twitter:data1\" content=\"3 minutes\" \/>\n<script type=\"application\/ld+json\" class=\"yoast-schema-graph\">{\"@context\":\"https:\\\/\\\/schema.org\",\"@graph\":[{\"@type\":\"WebPage\",\"@id\":\"https:\\\/\\\/l4m.io\\\/en\\\/about-studio-l4m\\\/\",\"url\":\"https:\\\/\\\/l4m.io\\\/en\\\/about-studio-l4m\\\/\",\"name\":\"About Studio L4M: your 3D creative partner\",\"isPartOf\":{\"@id\":\"http:\\\/\\\/l4m.io\\\/en\\\/#website\"},\"datePublished\":\"2024-05-16T14:06:00+00:00\",\"dateModified\":\"2024-07-04T12:49:59+00:00\",\"description\":\"About Studio L4M: a creative studio specializing in 3D visual production, serving architects, urban planners, landscape architects...\",\"breadcrumb\":{\"@id\":\"https:\\\/\\\/l4m.io\\\/en\\\/about-studio-l4m\\\/#breadcrumb\"},\"inLanguage\":\"en-US\",\"potentialAction\":[{\"@type\":\"ReadAction\",\"target\":[\"https:\\\/\\\/l4m.io\\\/en\\\/about-studio-l4m\\\/\"]}]},{\"@type\":\"BreadcrumbList\",\"@id\":\"https:\\\/\\\/l4m.io\\\/en\\\/about-studio-l4m\\\/#breadcrumb\",\"itemListElement\":[{\"@type\":\"ListItem\",\"position\":1,\"name\":\"Accueil\",\"item\":\"http:\\\/\\\/l4m.io\\\/en\\\/\"},{\"@type\":\"ListItem\",\"position\":2,\"name\":\"About Studio L4M\"}]},{\"@type\":\"WebSite\",\"@id\":\"http:\\\/\\\/l4m.io\\\/en\\\/#website\",\"url\":\"http:\\\/\\\/l4m.io\\\/en\\\/\",\"name\":\"Production visuelle 3D | Studio de perspectives 3D, films 3D et objets 3D\",\"description\":\"Nous vous proposons tout types de productions visuelles 3D\",\"publisher\":{\"@id\":\"http:\\\/\\\/l4m.io\\\/en\\\/#organization\"},\"potentialAction\":[{\"@type\":\"SearchAction\",\"target\":{\"@type\":\"EntryPoint\",\"urlTemplate\":\"http:\\\/\\\/l4m.io\\\/en\\\/?s={search_term_string}\"},\"query-input\":{\"@type\":\"PropertyValueSpecification\",\"valueRequired\":true,\"valueName\":\"search_term_string\"}}],\"inLanguage\":\"en-US\"},{\"@type\":\"Organization\",\"@id\":\"http:\\\/\\\/l4m.io\\\/en\\\/#organization\",\"name\":\"L4M\",\"alternateName\":\"Les Quatre Mouvements\",\"url\":\"http:\\\/\\\/l4m.io\\\/en\\\/\",\"logo\":{\"@type\":\"ImageObject\",\"inLanguage\":\"en-US\",\"@id\":\"http:\\\/\\\/l4m.io\\\/en\\\/#\\\/schema\\\/logo\\\/image\\\/\",\"url\":\"https:\\\/\\\/l4m.io\\\/wp-content\\\/uploads\\\/2022\\\/08\\\/Logo_L4M_Noir.png\",\"contentUrl\":\"https:\\\/\\\/l4m.io\\\/wp-content\\\/uploads\\\/2022\\\/08\\\/Logo_L4M_Noir.png\",\"width\":1357,\"height\":368,\"caption\":\"L4M\"},\"image\":{\"@id\":\"http:\\\/\\\/l4m.io\\\/en\\\/#\\\/schema\\\/logo\\\/image\\\/\"},\"sameAs\":[\"https:\\\/\\\/www.instagram.com\\\/l4m.studio\\\/\",\"https:\\\/\\\/www.youtube.com\\\/channel\\\/UCJHll4RYMGigsJqy_uhurCA\",\"https:\\\/\\\/www.linkedin.com\\\/company\\\/87212931\\\/\",\"https:\\\/\\\/www.tiktok.com\\\/@l4m.studio\",\"https:\\\/\\\/www.behance.net\\\/studiol4m\"]}]}<\/script>\n<!-- \/ Yoast SEO Premium plugin. -->","yoast_head_json":{"title":"About Studio L4M: your 3D creative partner","description":"About Studio L4M: a creative studio specializing in 3D visual production, serving architects, urban planners, landscape architects...","robots":{"index":"index","follow":"follow","max-snippet":"max-snippet:-1","max-image-preview":"max-image-preview:large","max-video-preview":"max-video-preview:-1"},"canonical":"https:\/\/l4m.io\/en\/about-studio-l4m\/","og_locale":"en_US","og_type":"article","og_title":"About Studio L4M: your 3D creative partner","og_description":"About Studio L4M: a creative studio specializing in 3D visual production, serving architects, urban planners, landscape architects...","og_url":"https:\/\/l4m.io\/en\/about-studio-l4m\/","og_site_name":"Production visuelle 3D | Studio de perspectives 3D, films 3D et objets 3D","article_modified_time":"2024-07-04T12:49:59+00:00","og_image":[{"width":1920,"height":1080,"url":"https:\/\/l4m.io\/wp-content\/uploads\/2024\/07\/a-propos-du-studio-l4m-qui-sommes-nous-projet-Dopamine.webp","type":"image\/webp"}],"twitter_card":"summary_large_image","twitter_title":"About Studio L4M","twitter_misc":{"Est. reading time":"3 minutes"},"schema":{"@context":"https:\/\/schema.org","@graph":[{"@type":"WebPage","@id":"https:\/\/l4m.io\/en\/about-studio-l4m\/","url":"https:\/\/l4m.io\/en\/about-studio-l4m\/","name":"About Studio L4M: your 3D creative partner","isPartOf":{"@id":"https:\/\/l4m.io\/en\/#website"},"datePublished":"2024-05-16T14:06:00+00:00","dateModified":"2024-07-04T12:49:59+00:00","description":"About Studio L4M: a creative studio specializing in 3D visual production, serving architects, urban planners, landscape architects...","breadcrumb":{"@id":"https:\/\/l4m.io\/en\/about-studio-l4m\/#breadcrumb"},"inLanguage":"en-US","potentialAction":[{"@type":"ReadAction","target":["https:\/\/l4m.io\/en\/about-studio-l4m\/"]}]},{"@type":"BreadcrumbList","@id":"https:\/\/l4m.io\/en\/about-studio-l4m\/#breadcrumb","itemListElement":[{"@type":"ListItem","position":1,"name":"Accueil","item":"https:\/\/l4m.io\/en\/"},{"@type":"ListItem","position":2,"name":"About Studio L4M"}]},{"@type":"WebSite","@id":"https:\/\/l4m.io\/en\/#website","url":"https:\/\/l4m.io\/en\/","name":"Production visuelle 3D | Studio de perspectives 3D, films 3D et objets 3D","description":"Nous vous proposons tout types de productions visuelles 3D","publisher":{"@id":"https:\/\/l4m.io\/en\/#organization"},"potentialAction":[{"@type":"SearchAction","target":{"@type":"EntryPoint","urlTemplate":"https:\/\/l4m.io\/en\/?s={search_term_string}"},"query-input":{"@type":"PropertyValueSpecification","valueRequired":true,"valueName":"search_term_string"}}],"inLanguage":"en-US"},{"@type":"Organization","@id":"https:\/\/l4m.io\/en\/#organization","name":"L4M","alternateName":"Les Quatre Mouvements","url":"https:\/\/l4m.io\/en\/","logo":{"@type":"ImageObject","inLanguage":"en-US","@id":"https:\/\/l4m.io\/en\/#\/schema\/logo\/image\/","url":"https:\/\/l4m.io\/wp-content\/uploads\/2022\/08\/Logo_L4M_Noir.png","contentUrl":"https:\/\/l4m.io\/wp-content\/uploads\/2022\/08\/Logo_L4M_Noir.png","width":1357,"height":368,"caption":"L4M"},"image":{"@id":"https:\/\/l4m.io\/en\/#\/schema\/logo\/image\/"},"sameAs":["https:\/\/www.instagram.com\/l4m.studio\/","https:\/\/www.youtube.com\/channel\/UCJHll4RYMGigsJqy_uhurCA","https:\/\/www.linkedin.com\/company\/87212931\/","https:\/\/www.tiktok.com\/@l4m.studio","https:\/\/www.behance.net\/studiol4m"]}]}},"_links":{"self":[{"href":"https:\/\/l4m.io\/en\/wp-json\/wp\/v2\/pages\/5410","targetHints":{"allow":["GET"]}}],"collection":[{"href":"https:\/\/l4m.io\/en\/wp-json\/wp\/v2\/pages"}],"about":[{"href":"https:\/\/l4m.io\/en\/wp-json\/wp\/v2\/types\/page"}],"author":[{"embeddable":true,"href":"https:\/\/l4m.io\/en\/wp-json\/wp\/v2\/users\/1"}],"replies":[{"embeddable":true,"href":"https:\/\/l4m.io\/en\/wp-json\/wp\/v2\/comments?post=5410"}],"version-history":[{"count":8,"href":"https:\/\/l4m.io\/en\/wp-json\/wp\/v2\/pages\/5410\/revisions"}],"predecessor-version":[{"id":6590,"href":"https:\/\/l4m.io\/en\/wp-json\/wp\/v2\/pages\/5410\/revisions\/6590"}],"wp:attachment":[{"href":"https:\/\/l4m.io\/en\/wp-json\/wp\/v2\/media?parent=5410"}],"curies":[{"name":"wp","href":"https:\/\/api.w.org\/{rel}","templated":true}]}}