{"id":5439,"date":"2023-11-30T10:30:28","date_gmt":"2023-11-30T09:30:28","guid":{"rendered":"https:\/\/l4m.io\/l4m-studio-product-license\/"},"modified":"2024-07-15T14:44:14","modified_gmt":"2024-07-15T12:44:14","slug":"l4m-studio-product-license","status":"publish","type":"page","link":"https:\/\/l4m.io\/en\/l4m-studio-product-license\/","title":{"rendered":"L4M Studio product license"},"content":{"rendered":"<h2>Licence d&#8217;utilisation des produits L4M Studio<\/h2>\n<p>&nbsp;<\/p>\n<p><strong>PR\u00c9SENTATION L4M :<\/strong><\/p>\n<p>L4M est sp\u00e9cialis\u00e9e dans le secteur d\u2019activit\u00e9 de la production visuelle, du conseil en syst\u00e8mes et logiciels informatiques, revendeur et centre de formation agr\u00e9\u00e9 et certifi\u00e9 en France.<br \/>L4M est \u00e9galement partenaire exclusif Lumion en France, Luxembourg &amp; r\u00e9gions francophones de la Belgique et de la Suisse.<br \/><strong><br \/><\/strong>Raison Sociale : L4M<br \/>Forme juridique : Soci\u00e9t\u00e9 \u00e0 responsabilit\u00e9 limit\u00e9e<br \/>Capital social : 3000 \u20ac<br \/>Num\u00e9ro RCS : 817 910 391 \u2013 Antibes<br \/>Num\u00e9ro de TVA intracommunautaire : FR 76 817 910\u00a0391<br \/>Si\u00e8ge social\u00a0: Marina Baie des Anges Quai d\u2019honneur &#8211; B\u00e2t. Le Ducal C 06270 \u00a0Villeneuve-Loubet<br \/>Adresse de l\u2019\u00e9tablissement : Twins Bureaux 2 &#8211; 885 Avenue du Dr Julien Lefebvre &#8211; 06270 Villeneuve-Loubet<br \/>Num\u00e9ro de t\u00e9l\u00e9phone : +33 (0)9 72 62 63 39<br \/>Adresse mail : <a href=\"mailto:studio@l4m.io\">studio@l4m.io<\/a><\/p>\n<p>&nbsp;<\/p>\n<p><strong>ETABLIE PAR :<\/strong><\/p>\n<p>L4M, ci-apr\u00e8s d\u00e9nomm\u00e9 &#8220;le Vendeur&#8221;<\/p>\n<p>&nbsp;<\/p>\n<p><strong>A L&#8217;ATTENTION DE :<\/strong><\/p>\n<p>Toute personne proc\u00e9dant \u00e0 l\u2019achat de mod\u00e8les 3D, ci-apr\u00e8s d\u00e9nomm\u00e9 &#8220;l\u2019acheteur&#8221;, aupr\u00e8s de la soci\u00e9t\u00e9 L4M.<\/p>\n<p>&nbsp;<\/p>\n<p><strong>LICENCE D&#8217;UTILISATION :<\/strong><\/p>\n<p>L&#8217;achat de mod\u00e8les 3D aupr\u00e8s du vendeur constitue une acceptation tacite des termes et conditions \u00e9nonc\u00e9s dans cet accord.<br \/>Une fois que l\u2019acheteur a confirm\u00e9 son paiement, il accepte l&#8217;accord de licence suivant :<\/p>\n<p><span style=\"color: #000aff;\">\u2022<\/span> Article 1 : Le pr\u00e9sent accord s&#8217;applique \u00e0 tout achat de mod\u00e8les 3D effectu\u00e9 aupr\u00e8s du vendeur.<\/p>\n<p><span style=\"color: #000aff;\">\u2022<\/span> Article 2 : Les mod\u00e8les 3D concern\u00e9s par cet accord sont ceux vendus et livr\u00e9s par le vendeur.<\/p>\n<p><span style=\"color: #000aff;\">\u2022<\/span> Article 3 : L\u2019acheteur ne peut pas copier, reproduire, dupliquer tout ou partie des mod\u00e8les 3D acquis aupr\u00e8s du vendeur.<br \/>L\u2019acheteur ne peut pas revendre, louer, sous-licencier ou distribuer de quelque mani\u00e8re que ce soit les mod\u00e8les 3D acquis.<\/p>\n<p><span style=\"color: #000aff;\">\u2022<\/span> Article 4 : La licence est accord\u00e9e pour une dur\u00e9e ind\u00e9finie, sous r\u00e9serve du respect des termes de cet accord.<\/p>\n<p><span style=\"color: #000aff;\">\u2022<\/span> Article 5 : Toute violation des termes de cet accord pourra entra\u00eener des sanctions juridiques et financi\u00e8res conform\u00e9ment aux lois en vigueur.<\/p>\n<p>&nbsp;<\/p>\n<p><strong>DROITS D&#8217;AUTEUR :<\/strong><\/p>\n<p>Les produits L4M sont prot\u00e9g\u00e9s par les lois et trait\u00e9s sur les droits d&#8217;auteur. Vous consentez \u00e0 ce qu&#8217;aucun titre de propri\u00e9t\u00e9 intellectuelle du produit L4M ne vous soit transf\u00e9r\u00e9, le titre et les droits de propri\u00e9t\u00e9 complets du produit resteront la propri\u00e9t\u00e9 de L4M.<\/p>\n<p>&nbsp;<\/p>\n<p><strong>AUTRES :<\/strong><\/p>\n<p>L4M se r\u00e9serve le droit de modifier cet accord.<\/p>\n<p>&nbsp;<\/p>\n<p><strong>INFORMATIONS DE CONTACT :<\/strong><\/p>\n<p>Pour toute demande relative \u00e0 la licence d&#8217;utilisation, merci de nous contacter par mail \u00e0 l\u2019adresse suivante : <a href=\"mailto:studio@l4m.io\">studio@l4m.io<\/a>, ou par t\u00e9l\u00e9phone au +33 (0)9 72 62 63 39.<\/p>\n","protected":false},"excerpt":{"rendered":"<p>Licence d&#8217;utilisation des produits L4M Studio &nbsp; PR\u00c9SENTATION L4M : L4M est sp\u00e9cialis\u00e9e dans le secteur d\u2019activit\u00e9 de la production visuelle, du conseil en syst\u00e8mes et logiciels informatiques, revendeur et centre de formation agr\u00e9\u00e9 et certifi\u00e9 en France.L4M est \u00e9galement partenaire exclusif Lumion en France, Luxembourg &amp; r\u00e9gions francophones de la Belgique et de la&hellip;<\/p>\n","protected":false},"author":1,"featured_media":0,"parent":0,"menu_order":0,"comment_status":"closed","ping_status":"closed","template":"","meta":{"inline_featured_image":false,"footnotes":""},"class_list":["post-5439","page","type-page","status-publish","hentry","description-off"],"yoast_head":"<!-- This site is optimized with the Yoast SEO Premium plugin v27.4 (Yoast SEO v27.4) - https:\/\/yoast.com\/product\/yoast-seo-premium-wordpress\/ -->\n<title>L4M Studio product license<\/title>\n<meta name=\"description\" content=\"The purchase of 3D models from Studio L4M constitutes tacit acceptance of the terms and conditions set forth in this license agreement.\" \/>\n<meta name=\"robots\" content=\"noindex, nofollow\" \/>\n<meta property=\"og:locale\" content=\"en_US\" \/>\n<meta property=\"og:type\" content=\"article\" \/>\n<meta property=\"og:title\" content=\"L4M Studio product license\" \/>\n<meta property=\"og:description\" content=\"The purchase of 3D models from Studio L4M constitutes tacit acceptance of the terms and conditions set forth in this license agreement.\" \/>\n<meta property=\"og:url\" content=\"https:\/\/l4m.io\/en\/l4m-studio-product-license\/\" \/>\n<meta property=\"og:site_name\" content=\"Production visuelle 3D | Studio de perspectives 3D, films 3D et objets 3D\" \/>\n<meta property=\"article:modified_time\" content=\"2024-07-15T12:44:14+00:00\" \/>\n<meta property=\"og:image\" content=\"https:\/\/l4m.io\/wp-content\/uploads\/2022\/08\/Architectes-images-3d-rendus-perspective-l4m-france.jpg\" \/>\n\t<meta property=\"og:image:width\" content=\"1920\" \/>\n\t<meta property=\"og:image:height\" content=\"1080\" \/>\n\t<meta property=\"og:image:type\" content=\"image\/jpeg\" \/>\n<meta name=\"twitter:card\" content=\"summary_large_image\" \/>\n<meta name=\"twitter:title\" content=\"L4M Studio product license\" \/>\n<meta name=\"twitter:label1\" content=\"Est. reading time\" \/>\n\t<meta name=\"twitter:data1\" content=\"2 minutes\" \/>\n<script type=\"application\/ld+json\" class=\"yoast-schema-graph\">{\"@context\":\"https:\\\/\\\/schema.org\",\"@graph\":[{\"@type\":\"WebPage\",\"@id\":\"https:\\\/\\\/l4m.io\\\/en\\\/l4m-studio-product-license\\\/\",\"url\":\"https:\\\/\\\/l4m.io\\\/en\\\/l4m-studio-product-license\\\/\",\"name\":\"L4M Studio product license\",\"isPartOf\":{\"@id\":\"https:\\\/\\\/l4m.io\\\/en\\\/#website\"},\"datePublished\":\"2023-11-30T09:30:28+00:00\",\"dateModified\":\"2024-07-15T12:44:14+00:00\",\"description\":\"The purchase of 3D models from Studio L4M constitutes tacit acceptance of the terms and conditions set forth in this license agreement.\",\"breadcrumb\":{\"@id\":\"https:\\\/\\\/l4m.io\\\/en\\\/l4m-studio-product-license\\\/#breadcrumb\"},\"inLanguage\":\"en-US\",\"potentialAction\":[{\"@type\":\"ReadAction\",\"target\":[\"https:\\\/\\\/l4m.io\\\/en\\\/l4m-studio-product-license\\\/\"]}]},{\"@type\":\"BreadcrumbList\",\"@id\":\"https:\\\/\\\/l4m.io\\\/en\\\/l4m-studio-product-license\\\/#breadcrumb\",\"itemListElement\":[{\"@type\":\"ListItem\",\"position\":1,\"name\":\"Accueil\",\"item\":\"https:\\\/\\\/l4m.io\\\/en\\\/\"},{\"@type\":\"ListItem\",\"position\":2,\"name\":\"L4M Studio product license\"}]},{\"@type\":\"WebSite\",\"@id\":\"https:\\\/\\\/l4m.io\\\/en\\\/#website\",\"url\":\"https:\\\/\\\/l4m.io\\\/en\\\/\",\"name\":\"Production visuelle 3D | Studio de perspectives 3D, films 3D et objets 3D\",\"description\":\"Nous vous proposons tout types de productions visuelles 3D\",\"publisher\":{\"@id\":\"https:\\\/\\\/l4m.io\\\/en\\\/#organization\"},\"potentialAction\":[{\"@type\":\"SearchAction\",\"target\":{\"@type\":\"EntryPoint\",\"urlTemplate\":\"https:\\\/\\\/l4m.io\\\/en\\\/?s={search_term_string}\"},\"query-input\":{\"@type\":\"PropertyValueSpecification\",\"valueRequired\":true,\"valueName\":\"search_term_string\"}}],\"inLanguage\":\"en-US\"},{\"@type\":\"Organization\",\"@id\":\"https:\\\/\\\/l4m.io\\\/en\\\/#organization\",\"name\":\"L4M\",\"alternateName\":\"Les Quatre Mouvements\",\"url\":\"https:\\\/\\\/l4m.io\\\/en\\\/\",\"logo\":{\"@type\":\"ImageObject\",\"inLanguage\":\"en-US\",\"@id\":\"https:\\\/\\\/l4m.io\\\/en\\\/#\\\/schema\\\/logo\\\/image\\\/\",\"url\":\"https:\\\/\\\/l4m.io\\\/wp-content\\\/uploads\\\/2022\\\/08\\\/Logo_L4M_Noir.png\",\"contentUrl\":\"https:\\\/\\\/l4m.io\\\/wp-content\\\/uploads\\\/2022\\\/08\\\/Logo_L4M_Noir.png\",\"width\":1357,\"height\":368,\"caption\":\"L4M\"},\"image\":{\"@id\":\"https:\\\/\\\/l4m.io\\\/en\\\/#\\\/schema\\\/logo\\\/image\\\/\"},\"sameAs\":[\"https:\\\/\\\/www.instagram.com\\\/l4m.studio\\\/\",\"https:\\\/\\\/www.youtube.com\\\/channel\\\/UCJHll4RYMGigsJqy_uhurCA\",\"https:\\\/\\\/www.linkedin.com\\\/company\\\/87212931\\\/\",\"https:\\\/\\\/www.tiktok.com\\\/@l4m.studio\",\"https:\\\/\\\/www.behance.net\\\/studiol4m\"]}]}<\/script>\n<!-- \/ Yoast SEO Premium plugin. -->","yoast_head_json":{"title":"L4M Studio product license","description":"The purchase of 3D models from Studio L4M constitutes tacit acceptance of the terms and conditions set forth in this license agreement.","robots":{"index":"noindex","follow":"nofollow"},"og_locale":"en_US","og_type":"article","og_title":"L4M Studio product license","og_description":"The purchase of 3D models from Studio L4M constitutes tacit acceptance of the terms and conditions set forth in this license agreement.","og_url":"https:\/\/l4m.io\/en\/l4m-studio-product-license\/","og_site_name":"Production visuelle 3D | Studio de perspectives 3D, films 3D et objets 3D","article_modified_time":"2024-07-15T12:44:14+00:00","og_image":[{"width":1920,"height":1080,"url":"https:\/\/l4m.io\/wp-content\/uploads\/2022\/08\/Architectes-images-3d-rendus-perspective-l4m-france.jpg","type":"image\/jpeg"}],"twitter_card":"summary_large_image","twitter_title":"L4M Studio product license","twitter_misc":{"Est. reading time":"2 minutes"},"schema":{"@context":"https:\/\/schema.org","@graph":[{"@type":"WebPage","@id":"https:\/\/l4m.io\/en\/l4m-studio-product-license\/","url":"https:\/\/l4m.io\/en\/l4m-studio-product-license\/","name":"L4M Studio product license","isPartOf":{"@id":"https:\/\/l4m.io\/en\/#website"},"datePublished":"2023-11-30T09:30:28+00:00","dateModified":"2024-07-15T12:44:14+00:00","description":"The purchase of 3D models from Studio L4M constitutes tacit acceptance of the terms and conditions set forth in this license agreement.","breadcrumb":{"@id":"https:\/\/l4m.io\/en\/l4m-studio-product-license\/#breadcrumb"},"inLanguage":"en-US","potentialAction":[{"@type":"ReadAction","target":["https:\/\/l4m.io\/en\/l4m-studio-product-license\/"]}]},{"@type":"BreadcrumbList","@id":"https:\/\/l4m.io\/en\/l4m-studio-product-license\/#breadcrumb","itemListElement":[{"@type":"ListItem","position":1,"name":"Accueil","item":"https:\/\/l4m.io\/en\/"},{"@type":"ListItem","position":2,"name":"L4M Studio product license"}]},{"@type":"WebSite","@id":"https:\/\/l4m.io\/en\/#website","url":"https:\/\/l4m.io\/en\/","name":"Production visuelle 3D | Studio de perspectives 3D, films 3D et objets 3D","description":"Nous vous proposons tout types de productions visuelles 3D","publisher":{"@id":"https:\/\/l4m.io\/en\/#organization"},"potentialAction":[{"@type":"SearchAction","target":{"@type":"EntryPoint","urlTemplate":"https:\/\/l4m.io\/en\/?s={search_term_string}"},"query-input":{"@type":"PropertyValueSpecification","valueRequired":true,"valueName":"search_term_string"}}],"inLanguage":"en-US"},{"@type":"Organization","@id":"https:\/\/l4m.io\/en\/#organization","name":"L4M","alternateName":"Les Quatre Mouvements","url":"https:\/\/l4m.io\/en\/","logo":{"@type":"ImageObject","inLanguage":"en-US","@id":"https:\/\/l4m.io\/en\/#\/schema\/logo\/image\/","url":"https:\/\/l4m.io\/wp-content\/uploads\/2022\/08\/Logo_L4M_Noir.png","contentUrl":"https:\/\/l4m.io\/wp-content\/uploads\/2022\/08\/Logo_L4M_Noir.png","width":1357,"height":368,"caption":"L4M"},"image":{"@id":"https:\/\/l4m.io\/en\/#\/schema\/logo\/image\/"},"sameAs":["https:\/\/www.instagram.com\/l4m.studio\/","https:\/\/www.youtube.com\/channel\/UCJHll4RYMGigsJqy_uhurCA","https:\/\/www.linkedin.com\/company\/87212931\/","https:\/\/www.tiktok.com\/@l4m.studio","https:\/\/www.behance.net\/studiol4m"]}]}},"_links":{"self":[{"href":"https:\/\/l4m.io\/en\/wp-json\/wp\/v2\/pages\/5439","targetHints":{"allow":["GET"]}}],"collection":[{"href":"https:\/\/l4m.io\/en\/wp-json\/wp\/v2\/pages"}],"about":[{"href":"https:\/\/l4m.io\/en\/wp-json\/wp\/v2\/types\/page"}],"author":[{"embeddable":true,"href":"https:\/\/l4m.io\/en\/wp-json\/wp\/v2\/users\/1"}],"replies":[{"embeddable":true,"href":"https:\/\/l4m.io\/en\/wp-json\/wp\/v2\/comments?post=5439"}],"version-history":[{"count":11,"href":"https:\/\/l4m.io\/en\/wp-json\/wp\/v2\/pages\/5439\/revisions"}],"predecessor-version":[{"id":7647,"href":"https:\/\/l4m.io\/en\/wp-json\/wp\/v2\/pages\/5439\/revisions\/7647"}],"wp:attachment":[{"href":"https:\/\/l4m.io\/en\/wp-json\/wp\/v2\/media?parent=5439"}],"curies":[{"name":"wp","href":"https:\/\/api.w.org\/{rel}","templated":true}]}}