{"id":5466,"date":"2022-07-20T11:13:40","date_gmt":"2022-07-20T09:13:40","guid":{"rendered":"https:\/\/l4m.io\/training\/"},"modified":"2025-11-13T12:30:06","modified_gmt":"2025-11-13T11:30:06","slug":"training","status":"publish","type":"page","link":"https:\/\/l4m.io\/en\/training\/","title":{"rendered":"Training"},"content":{"rendered":"<div class=\"wpb-content-wrapper\"><p>[vc_row type=&#8221;vc_default&#8221; gap=&#8221;35&#8243; bg_type=&#8221;bg_color&#8221; bg_override=&#8221;ex-full&#8221; bg_color_value=&#8221;#FFFFFF&#8221;][vc_column][vc_empty_space height=&#8221;120px&#8221;][vc_column_text css=&#8221;&#8221;]<\/p>\n<h2><span style=\"font-size: 70px; line-height: 70px;\">Training<br \/>\nL4M<\/span><\/h2>\n<p>[\/vc_column_text][vc_row_inner css=&#8221;.vc_custom_1743682952719{background-color: #FFFFFF !important;}&#8221;][vc_column_inner width=&#8221;1\/2&#8243; css=&#8221;.vc_custom_1744104555042{margin-right: 20px !important;}&#8221;][vc_column_text css=&#8221;&#8221;]<span style=\"font-size: 14pt;\">Experts in 3D solutions, studio L4M is also an official partner of Lumion France.<\/span><\/p>\n<p><span style=\"font-size: 14pt;\">The studio&#8217;s team provides training tailored to your teams and projects.<\/span><\/p>\n<p><span style=\"font-size: 14pt;\">Our priority: to meet your needs and support you in the use of 3D technologies.<\/span>[\/vc_column_text][\/vc_column_inner][vc_column_inner width=&#8221;1\/2&#8243;][\/vc_column_inner][\/vc_row_inner][\/vc_column][vc_column][vc_empty_space height=&#8221;60px&#8221;][\/vc_column][\/vc_row][vc_row type=&#8221;vc_default&#8221; gap=&#8221;35&#8243; bg_color=&#8221;#A67966&#8243; bg_type=&#8221;bg_color&#8221; bg_override=&#8221;ex-full&#8221; bg_color_value=&#8221;#A67966&#8243; css=&#8221;.vc_custom_1744619674584{background-color: #A67966 !important;}&#8221;][vc_column][vc_empty_space height=&#8221;60px&#8221;][\/vc_column][vc_column width=&#8221;1\/2&#8243;][vc_column_text css=&#8221;&#8221;]<\/p>\n<h2><span style=\"font-size: 24pt; color: #ffffff;\">Experts at your <\/span><br \/>\n<span style=\"font-size: 24pt; color: #ffffff;\">service<\/span><\/h2>\n<p>[\/vc_column_text][vc_column_text css=&#8221;&#8221;]<span style=\"color: #ffffff; font-size: 14pt;\">L4M&#8217;s in-house team of expert trainers use the most innovative, high-performance technologies on a daily basis.<\/span><br \/>\n<span style=\"color: #ffffff; font-size: 14pt;\">As a registered &amp; approved training center, recognized by all skills operators* (*OPCO), we enable companies to access funding for their training programs.<\/span><br \/>\n<span style=\"color: #ffffff; font-size: 14pt;\">Registered under number 93.06.07963.06 by the Prefect of the Provence-Alpes-C\u00f4te d&#8217;Azur region. We are also a Qualiopi-certified center under certification number 950147.<\/span>[\/vc_column_text][\/vc_column][vc_column width=&#8221;1\/2&#8243;][vc_empty_space height=&#8221;80px&#8221;][vc_single_image image=&#8221;8664&#8243; img_size=&#8221;full&#8221; alignment=&#8221;center&#8221; css=&#8221;&#8221;][\/vc_column][vc_column][vc_empty_space height=&#8221;60px&#8221;][\/vc_column][vc_column width=&#8221;1\/2&#8243;]<div class=\"stats-block stats-top  \"><div class=\"aio-icon-top\"><div class=\"ult-just-icon-wrapper  \"><div class=\"align-icon\" style=\"text-align:center;\"><\/div><\/div><\/div><div class=\"stats-desc\" id=\"counter-responsv-wrap-3620\"><div id=\"counter_59203034669e0ebcd3e1aa\" data-id=\"counter_59203034669e0ebcd3e1aa\"  data-ultimate-target='#counter-responsv-wrap-3620 .stats-number'  data-responsive-json-new='{\"font-size\":\"\",\"line-height\":\"\"}'  class=\"stats-number ult-responsive\" style=\"font-size:28px; color:#FFFFFF; color:#FFFFFF;\" data-speed=\"3\" data-counter-value=\"100\" data-separator=\"none\" data-decimal=\"none\">0<\/div><div class=\"counter_suffix mycust ult-responsive\"  data-ultimate-target='#counter-responsv-wrap-3620 .mycust'  data-responsive-json-new='{\"font-size\":\"\",\"line-height\":\"\"}'  style=\"font-size:28px; color:#FFFFFF\">%*<\/div><div id=\"title-counter_59203034669e0ebcd3e1aa\"  data-ultimate-target='#counter-responsv-wrap-3620 .stats-text'  data-responsive-json-new='{\"font-size\":\"\",\"line-height\":\"\"}'  class=\"stats-text ult-responsive\" style=\"font-size:18px; color:#FFFFFF; \">of learners are satisfied with our training courses<\/div><\/div><\/div>[\/vc_column][vc_column width=&#8221;1\/2&#8243;]<div class=\"stats-block stats-top  \"><div class=\"aio-icon-top\"><div class=\"ult-just-icon-wrapper  \"><div class=\"align-icon\" style=\"text-align:center;\"><\/div><\/div><\/div><div class=\"stats-desc\" id=\"counter-responsv-wrap-5011\"><div id=\"counter_318613951269e0ebcd3e248\" data-id=\"counter_318613951269e0ebcd3e248\"  data-ultimate-target='#counter-responsv-wrap-5011 .stats-number'  data-responsive-json-new='{\"font-size\":\"\",\"line-height\":\"\"}'  class=\"stats-number ult-responsive\" style=\"font-size:28px; color:#FFFFFF; color:#FFFFFF;\" data-speed=\"3\" data-counter-value=\"98\" data-separator=\"none\" data-decimal=\".\">0<\/div><div class=\"counter_suffix mycust ult-responsive\"  data-ultimate-target='#counter-responsv-wrap-5011 .mycust'  data-responsive-json-new='{\"font-size\":\"\",\"line-height\":\"\"}'  style=\"font-size:28px; color:#FFFFFF\">%*<\/div><div id=\"title-counter_318613951269e0ebcd3e248\"  data-ultimate-target='#counter-responsv-wrap-5011 .stats-text'  data-responsive-json-new='{\"font-size\":\"\",\"line-height\":\"\"}'  class=\"stats-text ult-responsive\" style=\"font-size:18px; color:#FFFFFF; \">of learners have completed their entire course<\/div><\/div><\/div>[\/vc_column][vc_column][vc_column_text css=&#8221;&#8221;]<\/p>\n<p style=\"text-align: center;\"><span style=\"font-size: 10pt; color: #ffffff;\"><span style=\"vertical-align: inherit;\"><span style=\"vertical-align: inherit;\">**rates based on training carried out from 01.07.2022 to 30.06.2023<\/span><\/span><\/span><\/p>\n<p>[\/vc_column_text][vc_empty_space height=&#8221;60px&#8221;][\/vc_column][\/vc_row][vc_row type=&#8221;vc_default&#8221; full_width=&#8221;stretch_row_content&#8221; gap=&#8221;35&#8243;][vc_column][vc_empty_space height=&#8221;60px&#8221;][\/vc_column][vc_column width=&#8221;1\/6&#8243;][\/vc_column][vc_column width=&#8221;5\/12&#8243;][vc_column_text css=&#8221;&#8221;]<\/p>\n<h2><span style=\"font-size: 24pt;\">Customized training<\/span><\/h2>\n<p>[\/vc_column_text][vc_column_text css=&#8221;&#8221;]<span style=\"font-size: 14pt;\"><span style=\"vertical-align: inherit;\"><br \/>\n<span style=\"vertical-align: inherit;\">We offer different types of training, <\/span><br \/>\n<\/span><strong><br \/>\n<span style=\"vertical-align: inherit;\"><br \/>\n<span style=\"vertical-align: inherit;\">remote or face-to-face<\/span><br \/>\n<\/span><br \/>\n<\/strong><span style=\"vertical-align: inherit;\"><br \/>\n<span style=\"vertical-align: inherit;\">and all <\/span><br \/>\n<\/span><strong><br \/>\n<span style=\"vertical-align: inherit;\"><br \/>\n<span style=\"vertical-align: inherit;\">in-house<\/span><br \/>\n<\/span><br \/>\n<\/strong><span style=\"vertical-align: inherit;\"><br \/>\n<span style=\"vertical-align: inherit;\"> (training sessions for your company and employees only).<\/span><br \/>\n<\/span><\/span><\/p>\n<p><span style=\"font-size: 14pt;\"><span style=\"vertical-align: inherit;\"><br \/>\n<span style=\"vertical-align: inherit;\">By ascertaining prior knowledge and learning objectives, we can offer you customized training courses<\/span><br \/>\n<\/span><strong><br \/>\n<span style=\"vertical-align: inherit;\"><br \/>\n<span style=\"vertical-align: inherit;\"> to your employees, your needs and your projects.<\/span><br \/>\n<\/span><br \/>\n<\/strong><\/span>[\/vc_column_text][\/vc_column][vc_column width=&#8221;5\/12&#8243;]<style type=\"text\/css\" data-type=\"the7_shortcodes-inline-css\">.shortcode-single-image-wrap.shortcode-single-image-9c40552680938f15670d86d260c52449.enable-bg-rollover .rollover i,\n.shortcode-single-image-wrap.shortcode-single-image-9c40552680938f15670d86d260c52449.enable-bg-rollover .rollover-video i {\n  background: -webkit-linear-gradient();\n  background: linear-gradient();\n}\n.shortcode-single-image-wrap.shortcode-single-image-9c40552680938f15670d86d260c52449 .rollover-icon {\n  font-size: 32px;\n  color: #ffffff;\n  min-width: 44px;\n  min-height: 44px;\n  line-height: 44px;\n  border-radius: 100px;\n  border-style: solid;\n  border-width: 0px;\n}\n.dt-icon-bg-on.shortcode-single-image-wrap.shortcode-single-image-9c40552680938f15670d86d260c52449 .rollover-icon {\n  background: rgba(255,255,255,0.3);\n  box-shadow: none;\n}<\/style><div class=\"shortcode-single-image-wrap shortcode-single-image-9c40552680938f15670d86d260c52449 alignleft fadeInDown animate-element  enable-bg-rollover dt-icon-bg-off\" style=\"margin-top:0px; margin-bottom:0px; margin-left:0px; margin-right:0px;\"><div class=\"shortcode-single-image\"><div class=\"fancy-media-wrap  layzr-bg\" style=\"border-radius:7px;\"><img fetchpriority=\"high\" decoding=\"async\" class=\"preload-me lazy-load aspect\" src=\"data:image\/svg+xml,%3Csvg%20xmlns%3D&#39;http%3A%2F%2Fwww.w3.org%2F2000%2Fsvg&#39;%20viewBox%3D&#39;0%200%20301%20167&#39;%2F%3E\" data-src=\"https:\/\/l4m.io\/wp-content\/uploads\/2025\/04\/qualiopi.png\" data-srcset=\"https:\/\/l4m.io\/wp-content\/uploads\/2025\/04\/qualiopi.png 301w\" loading=\"eager\" sizes=\"(max-width: 301px) 100vw, 301px\" width=\"301\" height=\"167\"  data-dt-location=\"https:\/\/l4m.io\/en\/formation\/qualiopi\/\" style=\"--ratio: 301 \/ 167;border-radius:7px;\" alt=\"\" \/><\/div><\/div><\/div>[\/vc_column][vc_column width=&#8221;1\/12&#8243;][\/vc_column][vc_column][vc_empty_space height=&#8221;60px&#8221;][\/vc_column][\/vc_row][vc_row type=&#8221;vc_default&#8221; gap=&#8221;35&#8243; bg_color=&#8221;#A67966&#8243; bg_type=&#8221;bg_color&#8221; bg_override=&#8221;ex-full&#8221; bg_color_value=&#8221;#A67966&#8243; css=&#8221;.vc_custom_1744619674584{background-color: #A67966 !important;}&#8221;][vc_column][vc_empty_space height=&#8221;60px&#8221;][\/vc_column][vc_column width=&#8221;1\/2&#8243;][vc_column_text css=&#8221;&#8221;]<\/p>\n<h2><span style=\"font-size: 32px; color: #ffffff;\">Stay connected with our AI workshop <\/span><\/h2>\n<p>[\/vc_column_text][vc_column_text css=&#8221;&#8221;]<\/p>\n<div class=\"wpb_text_column wpb_content_element \">\n<div class=\"wpb_wrapper\">\n<p><span style=\"font-size: 14pt; color: #ffffff;\"><strong>Quickly master AI to create captivating 3D renderings faster, easier and more efficiently. <\/strong><\/span><\/p>\n<\/div>\n<\/div>\n<div class=\"vc_empty_space\"><\/div>\n<div class=\"wpb_text_column wpb_content_element \">\n<div class=\"wpb_wrapper\">\n<p><span style=\"font-size: 14pt; color: #ffffff;\">Specially designed for architects, interior designers and landscapers. This coaching aims to help you quickly master the latest artificial intelligence tools to add even more dynamism and realism to your 3D renderings. <\/span><\/p>\n<\/div>\n<\/div>\n<p>[\/vc_column_text][vc_btn title=&#8221;Read more&#8221; style=&#8221;classic&#8221; align=&#8221;left&#8221; css_animation=&#8221;fadeInDown&#8221; css=&#8221;&#8221; link=&#8221;url:https%3A%2F%2Fl4m.io%2Fen%2Fenhance-your-rendering-with-artificial-intelligence%2F|&#8221;][\/vc_column][vc_column width=&#8221;1\/2&#8243;][vc_empty_space height=&#8221;80px&#8221;]<div class=\"twentytwenty-container\" data-orientation=\"horizontal\" data-offset=\"0.5\"><img loading=\"lazy\" decoding=\"async\" class=\"preload-me\" src=\"https:\/\/l4m.io\/wp-content\/uploads\/2025\/06\/FEMME-RENDU-A-scaled.png\" width=\"2560\" height=\"1440\"  title=\"Rendu original\" alt=\"\"><img loading=\"lazy\" decoding=\"async\" class=\"preload-me\" src=\"https:\/\/l4m.io\/wp-content\/uploads\/2025\/06\/FEMME-RENDU-B-scaled.png\" width=\"2560\" height=\"1440\"  title=\"Rendu optimis\u00e9 gr\u00e2ce \u00e0 l&#8217;IA\" alt=\"\"><\/div>[\/vc_column][vc_column][vc_empty_space height=&#8221;60px&#8221;][\/vc_column][\/vc_row][vc_row type=&#8221;vc_default&#8221; content_placement=&#8221;middle&#8221; bg_type=&#8221;u_iframe&#8221; u_video_url=&#8221;https:\/\/www.youtube.com\/watch?v=q5-PQ3W5sok&#8221; video_opts=&#8221;loop,muted&#8221; u_start_time=&#8221;0&#8243; bg_override=&#8221;ex-full&#8221;][vc_column][vc_empty_space height=&#8221;650px&#8221;][\/vc_column][\/vc_row][vc_row type=&#8221;vc_default&#8221; gap=&#8221;35&#8243;][vc_column][vc_empty_space height=&#8221;80&#8243;][\/vc_column][vc_column width=&#8221;1\/2&#8243;][vc_column_text css=&#8221;&#8221;]<\/p>\n<h3><span style=\"font-size: 24pt;\">Our team is at your service<\/span><\/h3>\n<p>[\/vc_column_text][vc_column_text css=&#8221;&#8221;]To get started, fill in the following form and tell us about your project. The L4M team will analyze your needs and get back to you to give you the best possible advice.<\/p>\n<p>To save time, please let us know any comments or observations you may have so that we can better study your 3D visualization project.[\/vc_column_text][\/vc_column][vc_column width=&#8221;1\/2&#8243;]\n<div class=\"wpcf7 no-js\" id=\"wpcf7-f6754-o1\" lang=\"en-US\" dir=\"ltr\" data-wpcf7-id=\"6754\">\n<div class=\"screen-reader-response\"><p role=\"status\" aria-live=\"polite\" aria-atomic=\"true\"><\/p> <ul><\/ul><\/div>\n<form action=\"\/en\/wp-json\/wp\/v2\/pages\/5466#wpcf7-f6754-o1\" method=\"post\" class=\"wpcf7-form init\" aria-label=\"Contact form\" novalidate=\"novalidate\" data-status=\"init\">\n<fieldset class=\"hidden-fields-container\"><input type=\"hidden\" name=\"_wpcf7\" value=\"6754\" \/><input type=\"hidden\" name=\"_wpcf7_version\" value=\"6.1.5\" \/><input type=\"hidden\" name=\"_wpcf7_locale\" value=\"en_US\" \/><input type=\"hidden\" name=\"_wpcf7_unit_tag\" value=\"wpcf7-f6754-o1\" \/><input type=\"hidden\" name=\"_wpcf7_container_post\" value=\"0\" \/><input type=\"hidden\" name=\"_wpcf7_posted_data_hash\" value=\"\" \/><input type=\"hidden\" name=\"_uacf7_hidden_conditional_fields\" value=\"\" \/><input type=\"hidden\" name=\"_wpcf7_recaptcha_response\" value=\"\" \/>\n<\/fieldset>\n<div class=\"uacf7-form-wrapper-container uacf7-form-6754  \"><label>  <span class=\"wpcf7-form-control-wrap\" data-name=\"Societe\"><input size=\"40\" maxlength=\"400\" class=\"wpcf7-form-control wpcf7-text wpcf7-validates-as-required\" aria-required=\"true\" aria-invalid=\"false\" placeholder=\"Company*\" value=\"\" type=\"text\" name=\"Societe\" \/><\/span><\/label>\n[wpmlcf7-2-uacf7-row]<div class=\"uacf7-col-4\"> <label> <span class=\"wpcf7-form-control-wrap\" data-name=\"Nom\"><input size=\"40\" maxlength=\"400\" class=\"wpcf7-form-control wpcf7-text wpcf7-validates-as-required\" aria-required=\"true\" aria-invalid=\"false\" placeholder=\"\" value=\"\" type=\"text\" name=\"Nom\" \/><\/span>\nName\n[\/wpmlcf7-2-uacf]<\/label> <\/div>\n[wpmlcf7-3-uacf7-col col:4]  <label> <span class=\"wpcf7-form-control-wrap\" data-name=\"Prenom\"><input size=\"40\" maxlength=\"400\" class=\"wpcf7-form-control wpcf7-text wpcf7-validates-as-required\" aria-required=\"true\" aria-invalid=\"false\" placeholder=\"\" value=\"\" type=\"text\" name=\"Prenom\" \/><\/span>\nFirst name\n[\/wpmlcf7-3-uacf]<\/label> [\/]<\/div>\n\n[wpmlcf7-4-uacf7-row]<div class=\"uacf7-col-4\"> <label><span class=\"wpcf7-form-control-wrap\" data-name=\"Email\"><input size=\"40\" maxlength=\"400\" class=\"wpcf7-form-control wpcf7-email wpcf7-validates-as-required wpcf7-text wpcf7-validates-as-email\" aria-required=\"true\" aria-invalid=\"false\" placeholder=\"\" value=\"\" type=\"email\" name=\"Email\" \/><\/span>\nEmail\n[\/wpmlcf7-4-uacf]<\/label> <\/div>[wpmlcf7-5-uacf7-col col:4]  <label><span class=\"wpcf7-form-control-wrap\" data-name=\"Telephone\"><input size=\"40\" maxlength=\"400\" class=\"wpcf7-form-control wpcf7-text wpcf7-validates-as-required\" aria-required=\"true\" aria-invalid=\"false\" placeholder=\"\" value=\"\" type=\"text\" name=\"Telephone\" \/><\/span>\nPhone number\n[\/wpmlcf7-5-uacf]<\/label> [\/]<\/div>\n\u00a0 \n\n<label><p id=\"cadre\"><span class=\"wpcf7-form-control-wrap\" data-name=\"Details\"><textarea cols=\"40\" rows=\"10\" maxlength=\"2000\" class=\"wpcf7-form-control wpcf7-textarea wpcf7-validates-as-required\" aria-required=\"true\" aria-invalid=\"false\" placeholder=\"Details of your request*.\" name=\"Details\"><\/textarea><\/span> <\/label><\/p>\n\n<p><span style=\"font-size: 12px;\">By submitting this form, you agree that the information entered may be used to process your request. You may rectify them, request their deletion or exercise your right to limit the processing of your data (as specified in the <a href=\"https:\/\/l4m.io\/mentions-legales\/\">legal notice)<\/a>.<\/span><\/p>\n\u00a0\n<p id=\"bouton_contact\"><input class=\"wpcf7-form-control wpcf7-submit has-spinner\" type=\"submit\" value=\"Send\" \/><\/p>\n\u00a0\n<span style=\"color: #000; font-size: 12px;\">* Mandatory fields<\/span><\/div><div class=\"wpcf7-response-output\" aria-hidden=\"true\"><\/div>\n<\/form>\n<\/div>\n[\/vc_column][vc_column][vc_empty_space height=&#8221;80&#8243;][\/vc_column][\/vc_row]<\/p>\n<\/div>","protected":false},"excerpt":{"rendered":"<p>[vc_row type=&#8221;vc_default&#8221; gap=&#8221;35&#8243; bg_type=&#8221;bg_color&#8221; bg_override=&#8221;ex-full&#8221; bg_color_value=&#8221;#FFFFFF&#8221;][vc_column][vc_empty_space height=&#8221;120px&#8221;][vc_column_text css=&#8221;&#8221;] Training L4M [\/vc_column_text][vc_row_inner css=&#8221;.vc_custom_1743682952719{background-color: #FFFFFF !important;}&#8221;][vc_column_inner width=&#8221;1\/2&#8243; css=&#8221;.vc_custom_1744104555042{margin-right: 20px !important;}&#8221;][vc_column_text css=&#8221;&#8221;]Experts in 3D solutions, studio L4M is also an official partner of Lumion France. The studio&#8217;s team provides training tailored to your teams and projects. Our priority: to meet your needs and support you in the use&hellip;<\/p>\n","protected":false},"author":1,"featured_media":0,"parent":0,"menu_order":0,"comment_status":"closed","ping_status":"closed","template":"","meta":{"inline_featured_image":false,"footnotes":""},"class_list":["post-5466","page","type-page","status-publish","hentry","description-off"],"yoast_head":"<!-- This site is optimized with the Yoast SEO Premium plugin v27.4 (Yoast SEO v27.4) - https:\/\/yoast.com\/product\/yoast-seo-premium-wordpress\/ -->\n<title>Formations L4M | 3D technology training by our experts<\/title>\n<meta name=\"description\" content=\"Take advantage of our L4M training courses, tailored to your needs and projects, to perfect your use and mastery of 3D solutions.\" \/>\n<meta name=\"robots\" content=\"index, follow, max-snippet:-1, max-image-preview:large, max-video-preview:-1\" \/>\n<link rel=\"canonical\" href=\"https:\/\/l4m.io\/en\/training\/\" \/>\n<meta property=\"og:locale\" content=\"en_US\" \/>\n<meta property=\"og:type\" content=\"article\" \/>\n<meta property=\"og:title\" content=\"Formations L4M | 3D technology training by our experts\" \/>\n<meta property=\"og:description\" content=\"Take advantage of our L4M training courses, tailored to your needs and projects, to perfect your use and mastery of 3D solutions.\" \/>\n<meta property=\"og:url\" content=\"https:\/\/l4m.io\/en\/training\/\" \/>\n<meta property=\"og:site_name\" content=\"Production visuelle 3D | Studio de perspectives 3D, films 3D et objets 3D\" \/>\n<meta property=\"article:modified_time\" content=\"2025-11-13T11:30:06+00:00\" \/>\n<meta property=\"og:image\" content=\"https:\/\/l4m.io\/wp-content\/uploads\/2024\/07\/formations-solutions-3d-studio-l4m.webp\" \/>\n\t<meta property=\"og:image:width\" content=\"1920\" \/>\n\t<meta property=\"og:image:height\" content=\"1080\" \/>\n\t<meta property=\"og:image:type\" content=\"image\/webp\" \/>\n<meta name=\"twitter:card\" content=\"summary_large_image\" \/>\n<meta name=\"twitter:title\" content=\"Training\" \/>\n<meta name=\"twitter:label1\" content=\"Est. reading time\" \/>\n\t<meta name=\"twitter:data1\" content=\"3 minutes\" \/>\n<script type=\"application\/ld+json\" class=\"yoast-schema-graph\">{\"@context\":\"https:\\\/\\\/schema.org\",\"@graph\":[{\"@type\":\"WebPage\",\"@id\":\"https:\\\/\\\/l4m.io\\\/en\\\/training\\\/\",\"url\":\"https:\\\/\\\/l4m.io\\\/en\\\/training\\\/\",\"name\":\"Formations L4M | 3D technology training by our experts\",\"isPartOf\":{\"@id\":\"https:\\\/\\\/l4m.io\\\/en\\\/#website\"},\"datePublished\":\"2022-07-20T09:13:40+00:00\",\"dateModified\":\"2025-11-13T11:30:06+00:00\",\"description\":\"Take advantage of our L4M training courses, tailored to your needs and projects, to perfect your use and mastery of 3D solutions.\",\"breadcrumb\":{\"@id\":\"https:\\\/\\\/l4m.io\\\/en\\\/training\\\/#breadcrumb\"},\"inLanguage\":\"en-US\",\"potentialAction\":[{\"@type\":\"ReadAction\",\"target\":[\"https:\\\/\\\/l4m.io\\\/en\\\/training\\\/\"]}]},{\"@type\":\"BreadcrumbList\",\"@id\":\"https:\\\/\\\/l4m.io\\\/en\\\/training\\\/#breadcrumb\",\"itemListElement\":[{\"@type\":\"ListItem\",\"position\":1,\"name\":\"Accueil\",\"item\":\"https:\\\/\\\/l4m.io\\\/en\\\/\"},{\"@type\":\"ListItem\",\"position\":2,\"name\":\"Training\"}]},{\"@type\":\"WebSite\",\"@id\":\"https:\\\/\\\/l4m.io\\\/en\\\/#website\",\"url\":\"https:\\\/\\\/l4m.io\\\/en\\\/\",\"name\":\"Production visuelle 3D | Studio de perspectives 3D, films 3D et objets 3D\",\"description\":\"Nous vous proposons tout types de productions visuelles 3D\",\"publisher\":{\"@id\":\"https:\\\/\\\/l4m.io\\\/en\\\/#organization\"},\"potentialAction\":[{\"@type\":\"SearchAction\",\"target\":{\"@type\":\"EntryPoint\",\"urlTemplate\":\"https:\\\/\\\/l4m.io\\\/en\\\/?s={search_term_string}\"},\"query-input\":{\"@type\":\"PropertyValueSpecification\",\"valueRequired\":true,\"valueName\":\"search_term_string\"}}],\"inLanguage\":\"en-US\"},{\"@type\":\"Organization\",\"@id\":\"https:\\\/\\\/l4m.io\\\/en\\\/#organization\",\"name\":\"L4M\",\"alternateName\":\"Les Quatre Mouvements\",\"url\":\"https:\\\/\\\/l4m.io\\\/en\\\/\",\"logo\":{\"@type\":\"ImageObject\",\"inLanguage\":\"en-US\",\"@id\":\"https:\\\/\\\/l4m.io\\\/en\\\/#\\\/schema\\\/logo\\\/image\\\/\",\"url\":\"https:\\\/\\\/l4m.io\\\/wp-content\\\/uploads\\\/2022\\\/08\\\/Logo_L4M_Noir.png\",\"contentUrl\":\"https:\\\/\\\/l4m.io\\\/wp-content\\\/uploads\\\/2022\\\/08\\\/Logo_L4M_Noir.png\",\"width\":1357,\"height\":368,\"caption\":\"L4M\"},\"image\":{\"@id\":\"https:\\\/\\\/l4m.io\\\/en\\\/#\\\/schema\\\/logo\\\/image\\\/\"},\"sameAs\":[\"https:\\\/\\\/www.instagram.com\\\/l4m.studio\\\/\",\"https:\\\/\\\/www.youtube.com\\\/channel\\\/UCJHll4RYMGigsJqy_uhurCA\",\"https:\\\/\\\/www.linkedin.com\\\/company\\\/87212931\\\/\",\"https:\\\/\\\/www.tiktok.com\\\/@l4m.studio\",\"https:\\\/\\\/www.behance.net\\\/studiol4m\"]}]}<\/script>\n<!-- \/ Yoast SEO Premium plugin. -->","yoast_head_json":{"title":"Formations L4M | 3D technology training by our experts","description":"Take advantage of our L4M training courses, tailored to your needs and projects, to perfect your use and mastery of 3D solutions.","robots":{"index":"index","follow":"follow","max-snippet":"max-snippet:-1","max-image-preview":"max-image-preview:large","max-video-preview":"max-video-preview:-1"},"canonical":"https:\/\/l4m.io\/en\/training\/","og_locale":"en_US","og_type":"article","og_title":"Formations L4M | 3D technology training by our experts","og_description":"Take advantage of our L4M training courses, tailored to your needs and projects, to perfect your use and mastery of 3D solutions.","og_url":"https:\/\/l4m.io\/en\/training\/","og_site_name":"Production visuelle 3D | Studio de perspectives 3D, films 3D et objets 3D","article_modified_time":"2025-11-13T11:30:06+00:00","og_image":[{"width":1920,"height":1080,"url":"https:\/\/l4m.io\/wp-content\/uploads\/2024\/07\/formations-solutions-3d-studio-l4m.webp","type":"image\/webp"}],"twitter_card":"summary_large_image","twitter_title":"Training","twitter_misc":{"Est. reading time":"3 minutes"},"schema":{"@context":"https:\/\/schema.org","@graph":[{"@type":"WebPage","@id":"https:\/\/l4m.io\/en\/training\/","url":"https:\/\/l4m.io\/en\/training\/","name":"Formations L4M | 3D technology training by our experts","isPartOf":{"@id":"https:\/\/l4m.io\/en\/#website"},"datePublished":"2022-07-20T09:13:40+00:00","dateModified":"2025-11-13T11:30:06+00:00","description":"Take advantage of our L4M training courses, tailored to your needs and projects, to perfect your use and mastery of 3D solutions.","breadcrumb":{"@id":"https:\/\/l4m.io\/en\/training\/#breadcrumb"},"inLanguage":"en-US","potentialAction":[{"@type":"ReadAction","target":["https:\/\/l4m.io\/en\/training\/"]}]},{"@type":"BreadcrumbList","@id":"https:\/\/l4m.io\/en\/training\/#breadcrumb","itemListElement":[{"@type":"ListItem","position":1,"name":"Accueil","item":"https:\/\/l4m.io\/en\/"},{"@type":"ListItem","position":2,"name":"Training"}]},{"@type":"WebSite","@id":"https:\/\/l4m.io\/en\/#website","url":"https:\/\/l4m.io\/en\/","name":"Production visuelle 3D | Studio de perspectives 3D, films 3D et objets 3D","description":"Nous vous proposons tout types de productions visuelles 3D","publisher":{"@id":"https:\/\/l4m.io\/en\/#organization"},"potentialAction":[{"@type":"SearchAction","target":{"@type":"EntryPoint","urlTemplate":"https:\/\/l4m.io\/en\/?s={search_term_string}"},"query-input":{"@type":"PropertyValueSpecification","valueRequired":true,"valueName":"search_term_string"}}],"inLanguage":"en-US"},{"@type":"Organization","@id":"https:\/\/l4m.io\/en\/#organization","name":"L4M","alternateName":"Les Quatre Mouvements","url":"https:\/\/l4m.io\/en\/","logo":{"@type":"ImageObject","inLanguage":"en-US","@id":"https:\/\/l4m.io\/en\/#\/schema\/logo\/image\/","url":"https:\/\/l4m.io\/wp-content\/uploads\/2022\/08\/Logo_L4M_Noir.png","contentUrl":"https:\/\/l4m.io\/wp-content\/uploads\/2022\/08\/Logo_L4M_Noir.png","width":1357,"height":368,"caption":"L4M"},"image":{"@id":"https:\/\/l4m.io\/en\/#\/schema\/logo\/image\/"},"sameAs":["https:\/\/www.instagram.com\/l4m.studio\/","https:\/\/www.youtube.com\/channel\/UCJHll4RYMGigsJqy_uhurCA","https:\/\/www.linkedin.com\/company\/87212931\/","https:\/\/www.tiktok.com\/@l4m.studio","https:\/\/www.behance.net\/studiol4m"]}]}},"_links":{"self":[{"href":"https:\/\/l4m.io\/en\/wp-json\/wp\/v2\/pages\/5466","targetHints":{"allow":["GET"]}}],"collection":[{"href":"https:\/\/l4m.io\/en\/wp-json\/wp\/v2\/pages"}],"about":[{"href":"https:\/\/l4m.io\/en\/wp-json\/wp\/v2\/types\/page"}],"author":[{"embeddable":true,"href":"https:\/\/l4m.io\/en\/wp-json\/wp\/v2\/users\/1"}],"replies":[{"embeddable":true,"href":"https:\/\/l4m.io\/en\/wp-json\/wp\/v2\/comments?post=5466"}],"version-history":[{"count":13,"href":"https:\/\/l4m.io\/en\/wp-json\/wp\/v2\/pages\/5466\/revisions"}],"predecessor-version":[{"id":11681,"href":"https:\/\/l4m.io\/en\/wp-json\/wp\/v2\/pages\/5466\/revisions\/11681"}],"wp:attachment":[{"href":"https:\/\/l4m.io\/en\/wp-json\/wp\/v2\/media?parent=5466"}],"curies":[{"name":"wp","href":"https:\/\/api.w.org\/{rel}","templated":true}]}}