{"id":5482,"date":"2022-03-11T11:07:54","date_gmt":"2022-03-11T10:07:54","guid":{"rendered":"https:\/\/l4m.io\/studio\/"},"modified":"2025-07-08T12:06:13","modified_gmt":"2025-07-08T10:06:13","slug":"studio","status":"publish","type":"page","link":"https:\/\/l4m.io\/en\/studio\/","title":{"rendered":"Studio"},"content":{"rendered":"<div class=\"wpb-content-wrapper\"><p>[vc_row][vc_column][vc_empty_space height=&#8221;120px&#8221;][vc_column_text css=&#8221;&#8221;]<\/p>\n<h2><span style=\"font-size: 55pt;\">The Studio<\/span><\/h2>\n<p>[\/vc_column_text][vc_empty_space height=&#8221;60&#8243;][\/vc_column][\/vc_row][vc_row][vc_column][vc_column_text css=&#8221;&#8221;]<\/p>\n<div class=\"wpb_text_column wpb_content_element \">\n<div class=\"wpb_wrapper\">\n<p><strong>Founded in 2016<\/strong>, Studio L4M is<strong> your 3D creative partner<\/strong> dedicated to turning your ideas into stunning visual realities. Based in the Alpes Maritimes region of France, our studio uses state-of-the-art 3D modeling, real-time visualization and 3D rendering technologies to deliver ultra-realistic interior and exterior perspectives, immersive video animations and virtual tours.<\/p>\n<\/div>\n<\/div>\n<div class=\"wpb_text_column wpb_content_element \">\n<div class=\"wpb_wrapper\">\n<p>Our team of expert architects, graphic designers and 3D animators is equipped with a complete machine environment and cutting-edge 3D solutions to create immersive, interactive 3D communication media for the promotion of architectural, urban and landscape projects.<\/p>\n<\/div>\n<\/div>\n<div class=\"vc_empty_space\">On the strength of our experience, many companies have called on our expertise and placed their trust in us: <a href=\"https:\/\/www.lumion3d.fr\/\" target=\"_blank\" rel=\"noopener\">Lumion France<\/a>, M\u00e9tropole Nice C\u00f4te d&#8217;Azur, SNCF, Ville de Mougins, TP Spada, M\u00e9tropole Toulon Provence M\u00e9diterran\u00e9e, Jean Mus, T\u00e9r\u00e9lian, Jardins de Vend\u00e9e, Maisons Belon&#8230;<\/div>\n<div class=\"wpb_text_column wpb_content_element \">\n<div class=\"wpb_wrapper\">\n<p>&nbsp;<\/p>\n<p>Studio L4M assists local and regional authorities, as well as the various players in the Architecture, Construction, Urban Planning and Landscape sectors, in the promotion and communication of their projects. <strong><a href=\"https:\/\/l4m.io\/en\/achievements\/\" target=\"_blank\" rel=\"noopener\">our achievements<\/a><\/strong>.<\/p>\n<\/div>\n<\/div>\n<p>[\/vc_column_text][vc_empty_space height=&#8221;60px&#8221;][\/vc_column][\/vc_row][vc_row type=&#8221;vc_default&#8221; bg_type=&#8221;bg_color&#8221; bg_override=&#8221;ex-full&#8221; bg_color_value=&#8221;#A67966&#8243;][vc_column][vc_empty_space height=&#8221;60px&#8221;][\/vc_column][vc_column width=&#8221;1\/2&#8243;][vc_column_text css=&#8221;&#8221;]<\/p>\n<h3><span style=\"font-size: 36pt; color: #ffffff;\">The team<\/span><\/h3>\n<p>[\/vc_column_text][vc_empty_space height=&#8221;30px&#8221;][vc_column_text css=&#8221;&#8221;]<span style=\"color: #ffffff;\">We are a group of 3D professionals capable of adapting to any type of project.<\/span>[\/vc_column_text][\/vc_column][vc_column width=&#8221;1\/2&#8243;][\/vc_column][\/vc_row][vc_row type=&#8221;vc_default&#8221; bg_type=&#8221;bg_color&#8221; bg_override=&#8221;ex-full&#8221; bg_color_value=&#8221;#A67966&#8243;][vc_column][vc_raw_html css=&#8221;&#8221;]PHN0eWxlPi5ncmlkLWNvbnRhaW5lciB7DQogIGRpc3BsYXk6IGZsZXg7DQogIGZsZXgtd3JhcDogd3JhcDsNCiAgZ2FwOiAzMHB4Ow0KICBqdXN0aWZ5LWNvbnRlbnQ6IHNwYWNlLWJldHdlZW47DQp9DQoNCi5wZXJzb24tY2FyZCB7DQogIHdpZHRoOiAyMyU7DQogIHRleHQtYWxpZ246IGxlZnQ7DQogIGZvbnQtZmFtaWx5OiBzYW5zLXNlcmlmOw0KICBmb250LXNpemU6IDE4cHg7DQogIGJhY2tncm91bmQ6ICNhNjc5NjY7DQp9DQoNCi5pbWFnZS1jb250YWluZXIgew0KICBwb3NpdGlvbjogcmVsYXRpdmU7DQogIHdpZHRoOiAxMDAlOw0KICBhc3BlY3QtcmF0aW86IDQvNTsNCiAgb3ZlcmZsb3c6IGhpZGRlbjsNCn0NCg0KLmltYWdlLWNvbnRhaW5lciBpbWcgew0KICBwb3NpdGlvbjogYWJzb2x1dGU7DQogIHRvcDogMDsNCiAgbGVmdDogMDsNCiAgd2lkdGg6IDEwMCU7DQogIGhlaWdodDogMTAwJTsNCiAgb2JqZWN0LWZpdDogY292ZXI7DQp9DQoNCi5pbWFnZS1jb250YWluZXIgaW1nLmhvdmVyLWltYWdlIHsNCiAgb3BhY2l0eTogMDsNCn0NCg0KLmltYWdlLWNvbnRhaW5lcjpob3ZlciBpbWcuaG92ZXItaW1hZ2Ugew0KICBvcGFjaXR5OiAxOw0KfQ0KDQouaW1hZ2UtY29udGFpbmVyOmhvdmVyIGltZy5kZWZhdWx0LWltYWdlIHsNCiAgb3BhY2l0eTogMDsNCn0NCg0KLm5hbWUgew0KICBjb2xvcjogI0ZGRkZGRjsNCiAgZm9udC13ZWlnaHQ6IGJvbGQ7DQogIG1hcmdpbi10b3A6IDEwcHg7DQp9DQoNCi5yb2xlIHsNCiAgY29sb3I6ICNGRkZGRkY7DQogIGZvbnQtc2l6ZTogMC45ZW07DQp9DQo8L3N0eWxlPjxkaXYgY2xhc3M9ImdyaWQtY29udGFpbmVyIj48IS0tIENhcnRlIDEgLS0+PGRpdiBjbGFzcz0icGVyc29uLWNhcmQiPjxkaXYgY2xhc3M9ImltYWdlLWNvbnRhaW5lciI+PGltZyBzcmM9Imh0dHBzOi8vbDRtLmlvL3dwLWNvbnRlbnQvdXBsb2Fkcy8yMDI1LzA0L0NocmlzLTEucG5nIiBjbGFzcz0iZGVmYXVsdC1pbWFnZSIgYWx0PSJQaG90byBub3JtYWxlIj48aW1nIHNyYz0iaHR0cHM6Ly9sNG0uaW8vd3AtY29udGVudC91cGxvYWRzLzIwMjUvMDQvQ2hyaXMtMi5wbmciIGNsYXNzPSJob3Zlci1pbWFnZSIgYWx0PSJQaG90byBob3ZlciI+PC9kaXY+PGRpdiBjbGFzcz0ibmFtZSI+Q2hyaXM8L2Rpdj48ZGl2IGNsYXNzPSJyb2xlIj5DRU88L2Rpdj48L2Rpdj48IS0tIENhcnRlIDIgLS0+PGRpdiBjbGFzcz0icGVyc29uLWNhcmQiPjxkaXYgY2xhc3M9ImltYWdlLWNvbnRhaW5lciI+PGltZyBzcmM9Imh0dHBzOi8vbDRtLmlvL3dwLWNvbnRlbnQvdXBsb2Fkcy8yMDI1LzA0L0x1YW5hLTEtc2NhbGVkLmpwZyIgY2xhc3M9ImRlZmF1bHQtaW1hZ2UiIGFsdD0iUGhvdG8gbm9ybWFsZSI+PGltZyBzcmM9Imh0dHBzOi8vbDRtLmlvL3dwLWNvbnRlbnQvdXBsb2Fkcy8yMDI1LzA0L0x1YW5hLTIucG5nIiBjbGFzcz0iaG92ZXItaW1hZ2UiIGFsdD0iUGhvdG8gaG92ZXIiPjwvZGl2PjxkaXYgY2xhc3M9Im5hbWUiPkx1YW5hPC9kaXY+PGRpdiBjbGFzcz0icm9sZSI+Q2hlZmZlIGRlIHN0dWRpbzwvZGl2PjwvZGl2PjwhLS0gQ2FydGUgMyAtLT48ZGl2IGNsYXNzPSJwZXJzb24tY2FyZCI+PGRpdiBjbGFzcz0iaW1hZ2UtY29udGFpbmVyIj48aW1nIHNyYz0iaHR0cHM6Ly9sNG0uaW8vd3AtY29udGVudC91cGxvYWRzLzIwMjUvMDQvQ2hyaXN0b3BoZXItMS1zY2FsZWQucG5nIiBjbGFzcz0iZGVmYXVsdC1pbWFnZSIgYWx0PSJQaG90byBub3JtYWxlIj48aW1nIHNyYz0iaHR0cHM6Ly9sNG0uaW8vd3AtY29udGVudC91cGxvYWRzLzIwMjUvMDQvQ2hyaXN0b3BoZXItMi1zY2FsZWQucG5nIiBjbGFzcz0iaG92ZXItaW1hZ2UiIGFsdD0iUGhvdG8gaG92ZXIiPjwvZGl2PjxkaXYgY2xhc3M9Im5hbWUiPkNocmlzdG9waGVyPC9kaXY+PGRpdiBjbGFzcz0icm9sZSI+Rm9ybWF0ZXVyIGV0IHByb2R1Y3Rpb24gdmlzdWVsbGU8L2Rpdj48L2Rpdj48IS0tIENhcnRlIDQgLS0+PGRpdiBjbGFzcz0icGVyc29uLWNhcmQiPjxkaXYgY2xhc3M9ImltYWdlLWNvbnRhaW5lciI+PGltZyBzcmM9Imh0dHBzOi8vbDRtLmlvL3dwLWNvbnRlbnQvdXBsb2Fkcy8yMDI1LzA0L0phZC0yLnBuZyIgY2xhc3M9ImRlZmF1bHQtaW1hZ2UiIGFsdD0iUGhvdG8gbm9ybWFsZSI+PGltZyBzcmM9Imh0dHBzOi8vbDRtLmlvL3dwLWNvbnRlbnQvdXBsb2Fkcy8yMDI1LzA0L0phZC0xLnBuZyIgY2xhc3M9ImhvdmVyLWltYWdlIiBhbHQ9IlBob3RvIGhvdmVyIj48L2Rpdj48ZGl2IGNsYXNzPSJuYW1lIj5KYWQ8L2Rpdj48ZGl2IGNsYXNzPSJyb2xlIj5Gb3JtYXRldXIgZXQgcHJvZHVjdGlvbiB2aXN1ZWxsZTwvZGl2PjwvZGl2PjwvZGl2Pg==[\/vc_raw_html][\/vc_column][\/vc_row][vc_row type=&#8221;vc_default&#8221; bg_type=&#8221;bg_color&#8221; bg_override=&#8221;ex-full&#8221; bg_color_value=&#8221;#A67966&#8243;][vc_column][vc_raw_html css=&#8221;&#8221;]PHN0eWxlPi5ncmlkLWNvbnRhaW5lciB7DQogIGRpc3BsYXk6IGZsZXg7DQogIGZsZXgtd3JhcDogd3JhcDsNCiAgZ2FwOiAzMHB4Ow0KICBqdXN0aWZ5LWNvbnRlbnQ6IHNwYWNlLWJldHdlZW47DQp9DQoNCi5wZXJzb24tY2FyZCB7DQogIHdpZHRoOiAyMyU7DQogIHRleHQtYWxpZ246IGxlZnQ7DQogIGZvbnQtZmFtaWx5OiBzYW5zLXNlcmlmOw0KICBmb250LXNpemU6IDE4cHg7DQogIGJhY2tncm91bmQ6ICNhNjc5NjY7DQp9DQoNCi5pbWFnZS1jb250YWluZXIgew0KICBwb3NpdGlvbjogcmVsYXRpdmU7DQogIHdpZHRoOiAxMDAlOw0KICBhc3BlY3QtcmF0aW86IDQvNTsNCiAgb3ZlcmZsb3c6IGhpZGRlbjsNCn0NCg0KLmltYWdlLWNvbnRhaW5lciBpbWcgew0KICBwb3NpdGlvbjogYWJzb2x1dGU7DQogIHRvcDogMDsNCiAgbGVmdDogMDsNCiAgd2lkdGg6IDEwMCU7DQogIGhlaWdodDogMTAwJTsNCiAgb2JqZWN0LWZpdDogY292ZXI7DQp9DQoNCi5pbWFnZS1jb250YWluZXIgaW1nLmhvdmVyLWltYWdlIHsNCiAgb3BhY2l0eTogMDsNCn0NCg0KLmltYWdlLWNvbnRhaW5lcjpob3ZlciBpbWcuaG92ZXItaW1hZ2Ugew0KICBvcGFjaXR5OiAxOw0KfQ0KDQouaW1hZ2UtY29udGFpbmVyOmhvdmVyIGltZy5kZWZhdWx0LWltYWdlIHsNCiAgb3BhY2l0eTogMDsNCn0NCg0KLm5hbWUgew0KICBjb2xvcjogI0ZGRkZGRjsNCiAgZm9udC13ZWlnaHQ6IGJvbGQ7DQogIG1hcmdpbi10b3A6IDEwcHg7DQp9DQoNCi5yb2xlIHsNCiAgY29sb3I6ICNGRkZGRkY7DQogIGZvbnQtc2l6ZTogMC45ZW07DQp9DQo8L3N0eWxlPjxkaXYgY2xhc3M9ImdyaWQtY29udGFpbmVyIj48IS0tIENhcnRlIDEgLS0+PGRpdiBjbGFzcz0icGVyc29uLWNhcmQiPjxkaXYgY2xhc3M9ImltYWdlLWNvbnRhaW5lciI+PGltZyBzcmM9Imh0dHBzOi8vbDRtLmlvL3dwLWNvbnRlbnQvdXBsb2Fkcy8yMDI1LzA0L01hcmllLTEucG5nIiBjbGFzcz0iZGVmYXVsdC1pbWFnZSIgYWx0PSJQaG90byBub3JtYWxlIj48aW1nIHNyYz0iaHR0cHM6Ly9sNG0uaW8vd3AtY29udGVudC91cGxvYWRzLzIwMjUvMDQvTWFyaWUtMi5wbmciIGNsYXNzPSJob3Zlci1pbWFnZSIgYWx0PSJQaG90byBob3ZlciI+PC9kaXY+PGRpdiBjbGFzcz0ibmFtZSI+TWFyaWU8L2Rpdj48ZGl2IGNsYXNzPSJyb2xlIj5Gb3JtYXRyaWNlIGV0IHByb2R1Y3Rpb24gdmlzdWVsbGU8L2Rpdj48L2Rpdj48IS0tIENhcnRlIDIgLS0+PGRpdiBjbGFzcz0icGVyc29uLWNhcmQiPjxkaXYgY2xhc3M9ImltYWdlLWNvbnRhaW5lciI+PGltZyBzcmM9Imh0dHBzOi8vbDRtLmlvL3dwLWNvbnRlbnQvdXBsb2Fkcy8yMDI1LzA0L0t5bGxpYW4tMS5wbmciIGNsYXNzPSJkZWZhdWx0LWltYWdlIiBhbHQ9IlBob3RvIG5vcm1hbGUiPjxpbWcgc3JjPSJodHRwczovL2w0bS5pby93cC1jb250ZW50L3VwbG9hZHMvMjAyNS8wNC9LeWxsaWFuLTIucG5nIiBjbGFzcz0iaG92ZXItaW1hZ2UiIGFsdD0iUGhvdG8gaG92ZXIiPjwvZGl2PjxkaXYgY2xhc3M9Im5hbWUiPkt5bGxpYW48L2Rpdj48ZGl2IGNsYXNzPSJyb2xlIj5Db29yZGluYXRldXIgdGVjaG5pcXVlIGV0IGZvcm1hdGlvbjwvZGl2PjwvZGl2PjwhLS0gQ2FydGUgMyAtLT48ZGl2IGNsYXNzPSJwZXJzb24tY2FyZCI+PGRpdiBjbGFzcz0iaW1hZ2UtY29udGFpbmVyIj48aW1nIHNyYz0iaHR0cHM6Ly9sNG0uaW8vd3AtY29udGVudC91cGxvYWRzLzIwMjUvMDQvTWFydGluLTEucG5nIiBjbGFzcz0iZGVmYXVsdC1pbWFnZSIgYWx0PSJQaG90byBub3JtYWxlIj48aW1nIHNyYz0iaHR0cHM6Ly9sNG0uaW8vd3AtY29udGVudC91cGxvYWRzLzIwMjUvMDQvTWFydGluLTItc2NhbGVkLnBuZyIgY2xhc3M9ImhvdmVyLWltYWdlIiBhbHQ9IlBob3RvIGhvdmVyIj48L2Rpdj48ZGl2IGNsYXNzPSJuYW1lIj5NYXJ0aW48L2Rpdj48ZGl2IGNsYXNzPSJyb2xlIj5Ew6l2ZWxvcHBldXIgbG9naWNpZWw8L2Rpdj48L2Rpdj48IS0tIENhcnRlIDQgLS0+PGRpdiBjbGFzcz0icGVyc29uLWNhcmQiPjxkaXYgY2xhc3M9ImltYWdlLWNvbnRhaW5lciI+PGltZyBzcmM9Imh0dHBzOi8vbDRtLmlvL3dwLWNvbnRlbnQvdXBsb2Fkcy8yMDI1LzA0L01hcmlhLTIucG5nIiBjbGFzcz0iZGVmYXVsdC1pbWFnZSIgYWx0PSJQaG90byBub3JtYWxlIj48aW1nIHNyYz0iaHR0cHM6Ly9sNG0uaW8vd3AtY29udGVudC91cGxvYWRzLzIwMjUvMDQvTWFyaWEtMS5wbmciIGNsYXNzPSJob3Zlci1pbWFnZSIgYWx0PSJQaG90byBob3ZlciI+PC9kaXY+PGRpdiBjbGFzcz0ibmFtZSI+TWFyaWE8L2Rpdj48ZGl2IGNsYXNzPSJyb2xlIj5Bc3Npc3RhbnRlIGFkbWluaXN0cmF0aXZlPC9kaXY+PC9kaXY+PC9kaXY+[\/vc_raw_html][\/vc_column][\/vc_row][vc_row type=&#8221;vc_default&#8221; bg_type=&#8221;bg_color&#8221; bg_override=&#8221;ex-full&#8221; bg_color_value=&#8221;#A67966&#8243;][vc_column][vc_raw_html css=&#8221;&#8221;]PHN0eWxlPi5ncmlkLWNvbnRhaW5lciB7DQogIGRpc3BsYXk6IGZsZXg7DQogIGZsZXgtd3JhcDogd3JhcDsNCiAgZ2FwOiAzMHB4Ow0KICBqdXN0aWZ5LWNvbnRlbnQ6IHNwYWNlLWJldHdlZW47DQp9DQoNCi5wZXJzb24tY2FyZCB7DQogIHdpZHRoOiAyMyU7DQogIHRleHQtYWxpZ246IGxlZnQ7DQogIGZvbnQtZmFtaWx5OiBzYW5zLXNlcmlmOw0KICBmb250LXNpemU6IDE4cHg7DQogIGJhY2tncm91bmQ6ICNhNjc5NjY7DQp9DQoNCi5pbWFnZS1jb250YWluZXIgew0KICBwb3NpdGlvbjogcmVsYXRpdmU7DQogIHdpZHRoOiAxMDAlOw0KICBhc3BlY3QtcmF0aW86IDQvNTsNCiAgb3ZlcmZsb3c6IGhpZGRlbjsNCn0NCg0KLmltYWdlLWNvbnRhaW5lciBpbWcgew0KICBwb3NpdGlvbjogYWJzb2x1dGU7DQogIHRvcDogMDsNCiAgbGVmdDogMDsNCiAgd2lkdGg6IDEwMCU7DQogIGhlaWdodDogMTAwJTsNCiAgb2JqZWN0LWZpdDogY292ZXI7DQp9DQoNCi5pbWFnZS1jb250YWluZXIgaW1nLmhvdmVyLWltYWdlIHsNCiAgb3BhY2l0eTogMDsNCn0NCg0KLmltYWdlLWNvbnRhaW5lcjpob3ZlciBpbWcuaG92ZXItaW1hZ2Ugew0KICBvcGFjaXR5OiAxOw0KfQ0KDQouaW1hZ2UtY29udGFpbmVyOmhvdmVyIGltZy5kZWZhdWx0LWltYWdlIHsNCiAgb3BhY2l0eTogMDsNCn0NCg0KLm5hbWUgew0KICBjb2xvcjogI0ZGRkZGRjsNCiAgZm9udC13ZWlnaHQ6IGJvbGQ7DQogIG1hcmdpbi10b3A6IDEwcHg7DQp9DQoNCi5yb2xlIHsNCiAgY29sb3I6ICNGRkZGRkY7DQogIGZvbnQtc2l6ZTogMC45ZW07DQp9DQo8L3N0eWxlPjxkaXYgY2xhc3M9ImdyaWQtY29udGFpbmVyIj48IS0tIENhcnRlIDEgLS0+PGRpdiBjbGFzcz0icGVyc29uLWNhcmQiPjxkaXYgY2xhc3M9ImltYWdlLWNvbnRhaW5lciI+PGltZyBzcmM9Imh0dHBzOi8vbDRtLmlvL3dwLWNvbnRlbnQvdXBsb2Fkcy8yMDI1LzA0L1BpZXJyZS0xLnBuZyIgY2xhc3M9ImRlZmF1bHQtaW1hZ2UiIGFsdD0iUGhvdG8gbm9ybWFsZSI+PGltZyBzcmM9Imh0dHBzOi8vbDRtLmlvL3dwLWNvbnRlbnQvdXBsb2Fkcy8yMDI1LzA0L1BpZXJyZS0yLnBuZyIgY2xhc3M9ImhvdmVyLWltYWdlIiBhbHQ9IlBob3RvIGhvdmVyIj48L2Rpdj48ZGl2IGNsYXNzPSJuYW1lIj5QaWVycmU8L2Rpdj48ZGl2IGNsYXNzPSJyb2xlIj5SZXNwb25zYWJsZSBtYXJrZXRpbmcgZXQgY29tbXVuaWNhdGlvbjwvZGl2PjwvZGl2PjwhLS0gQ2FydGUgMiAtLT48ZGl2IGNsYXNzPSJwZXJzb24tY2FyZCI+PGRpdiBjbGFzcz0iaW1hZ2UtY29udGFpbmVyIj48aW1nIHNyYz0iaHR0cHM6Ly9sNG0uaW8vd3AtY29udGVudC91cGxvYWRzLzIwMjUvMDQvU291a2ktMS1zY2FsZWQucG5nIiBjbGFzcz0iZGVmYXVsdC1pbWFnZSIgYWx0PSJQaG90byBub3JtYWxlIj48aW1nIHNyYz0iaHR0cHM6Ly9sNG0uaW8vd3AtY29udGVudC91cGxvYWRzLzIwMjUvMDQvU291a2ktMi5wbmciIGNsYXNzPSJob3Zlci1pbWFnZSIgYWx0PSJQaG90byBob3ZlciI+PC9kaXY+PGRpdiBjbGFzcz0ibmFtZSI+U291a2FpbmE8L2Rpdj48ZGl2IGNsYXNzPSJyb2xlIj5Bc3Npc3RhbnRlIG1hcmtldGluZyBldCBjb21tdW5pY2F0aW9uPC9kaXY+PC9kaXY+PCEtLSBDYXJ0ZSAzIC0tPjxkaXYgY2xhc3M9InBlcnNvbi1jYXJkIj48ZGl2IGNsYXNzPSJpbWFnZS1jb250YWluZXIiPjxpbWcgc3JjPSJodHRwczovL2w0bS5pby93cC1jb250ZW50L3VwbG9hZHMvMjAyNS8wNC9UaG9tYXMucG5nIiBjbGFzcz0iZGVmYXVsdC1pbWFnZSIgYWx0PSJQaG90byBub3JtYWxlIj48aW1nIHNyYz0iaHR0cHM6Ly9sNG0uaW8vd3AtY29udGVudC91cGxvYWRzLzIwMjUvMDQvVGhvbWFzLnBuZyIgY2xhc3M9ImhvdmVyLWltYWdlIiBhbHQ9IlBob3RvIGhvdmVyIj48L2Rpdj48ZGl2IGNsYXNzPSJuYW1lIj5UaG9tYXM8L2Rpdj48ZGl2IGNsYXNzPSJyb2xlIj5SZXNwb25zYWJsZSBjb21tZXJjaWFsIHNlY3RvcmllbDwvZGl2PjwvZGl2PjwhLS0gQ2FydGUgNCAtLT48ZGl2IGNsYXNzPSJwZXJzb24tY2FyZCI+PGRpdiBjbGFzcz0iaW1hZ2UtY29udGFpbmVyIj48aW1nIHNyYz0iaHR0cHM6Ly9sNG0uaW8vd3AtY29udGVudC91cGxvYWRzLzIwMjUvMDQvU3RhcGhhbmUtMi5wbmciIGNsYXNzPSJkZWZhdWx0LWltYWdlIiBhbHQ9IlBob3RvIG5vcm1hbGUiPjxpbWcgc3JjPSJodHRwczovL2w0bS5pby93cC1jb250ZW50L3VwbG9hZHMvMjAyNS8wNC9TdGFwaGFuZS0xLnBuZyIgY2xhc3M9ImhvdmVyLWltYWdlIiBhbHQ9IlBob3RvIGhvdmVyIj48L2Rpdj48ZGl2IGNsYXNzPSJuYW1lIj5TdGVwaGFuZTwvZGl2PjxkaXYgY2xhc3M9InJvbGUiPkNoYXJnw6kgZCdhZmZhaXJlczwvZGl2PjwvZGl2PjwvZGl2Pg==[\/vc_raw_html][vc_empty_space height=&#8221;80&#8243;][\/vc_column][\/vc_row][vc_row type=&#8221;vc_default&#8221; bg_type=&#8221;bg_color&#8221; bg_color_value=&#8221;#FFFFFF&#8221;][vc_column width=&#8221;1\/2&#8243;][vc_empty_space height=&#8221;80px&#8221;][vc_column_text css=&#8221;&#8221;]<\/p>\n<h3><span style=\"font-size: 24pt;\">Our team is at your service<\/span><\/h3>\n<p>[\/vc_column_text][vc_empty_space height=&#8221;30&#8243;][vc_column_text css=&#8221;&#8221;]To get started, fill in the following form and tell us about your project. The L4M team will analyze your needs and get back to you to give you the best possible advice.<\/p>\n<p>To save time, please let us know any comments or observations you may have so that we can better study your 3D visualization project.[\/vc_column_text][\/vc_column][vc_column width=&#8221;1\/2&#8243;][vc_empty_space height=&#8221;80px&#8221;]\n<div class=\"wpcf7 no-js\" id=\"wpcf7-f6754-o1\" lang=\"en-US\" dir=\"ltr\" data-wpcf7-id=\"6754\">\n<div class=\"screen-reader-response\"><p role=\"status\" aria-live=\"polite\" aria-atomic=\"true\"><\/p> <ul><\/ul><\/div>\n<form action=\"\/en\/wp-json\/wp\/v2\/pages\/5482#wpcf7-f6754-o1\" method=\"post\" class=\"wpcf7-form init\" aria-label=\"Contact form\" novalidate=\"novalidate\" data-status=\"init\">\n<fieldset class=\"hidden-fields-container\"><input type=\"hidden\" name=\"_wpcf7\" value=\"6754\" \/><input type=\"hidden\" name=\"_wpcf7_version\" value=\"6.1.5\" \/><input type=\"hidden\" name=\"_wpcf7_locale\" value=\"en_US\" \/><input type=\"hidden\" name=\"_wpcf7_unit_tag\" value=\"wpcf7-f6754-o1\" \/><input type=\"hidden\" name=\"_wpcf7_container_post\" value=\"0\" \/><input type=\"hidden\" name=\"_wpcf7_posted_data_hash\" value=\"\" \/><input type=\"hidden\" name=\"_uacf7_hidden_conditional_fields\" value=\"\" \/><input type=\"hidden\" name=\"_wpcf7_recaptcha_response\" value=\"\" \/>\n<\/fieldset>\n<div class=\"uacf7-form-wrapper-container uacf7-form-6754  \"><label>  <span class=\"wpcf7-form-control-wrap\" data-name=\"Societe\"><input size=\"40\" maxlength=\"400\" class=\"wpcf7-form-control wpcf7-text wpcf7-validates-as-required\" aria-required=\"true\" aria-invalid=\"false\" placeholder=\"Company*\" value=\"\" type=\"text\" name=\"Societe\" \/><\/span><\/label>\n[wpmlcf7-2-uacf7-row]<div class=\"uacf7-col-4\"> <label> <span class=\"wpcf7-form-control-wrap\" data-name=\"Nom\"><input size=\"40\" maxlength=\"400\" class=\"wpcf7-form-control wpcf7-text wpcf7-validates-as-required\" aria-required=\"true\" aria-invalid=\"false\" placeholder=\"\" value=\"\" type=\"text\" name=\"Nom\" \/><\/span>\nName\n[\/wpmlcf7-2-uacf]<\/label> <\/div>\n[wpmlcf7-3-uacf7-col col:4]  <label> <span class=\"wpcf7-form-control-wrap\" data-name=\"Prenom\"><input size=\"40\" maxlength=\"400\" class=\"wpcf7-form-control wpcf7-text wpcf7-validates-as-required\" aria-required=\"true\" aria-invalid=\"false\" placeholder=\"\" value=\"\" type=\"text\" name=\"Prenom\" \/><\/span>\nFirst name\n[\/wpmlcf7-3-uacf]<\/label> [\/]<\/div>\n\n[wpmlcf7-4-uacf7-row]<div class=\"uacf7-col-4\"> <label><span class=\"wpcf7-form-control-wrap\" data-name=\"Email\"><input size=\"40\" maxlength=\"400\" class=\"wpcf7-form-control wpcf7-email wpcf7-validates-as-required wpcf7-text wpcf7-validates-as-email\" aria-required=\"true\" aria-invalid=\"false\" placeholder=\"\" value=\"\" type=\"email\" name=\"Email\" \/><\/span>\nEmail\n[\/wpmlcf7-4-uacf]<\/label> <\/div>[wpmlcf7-5-uacf7-col col:4]  <label><span class=\"wpcf7-form-control-wrap\" data-name=\"Telephone\"><input size=\"40\" maxlength=\"400\" class=\"wpcf7-form-control wpcf7-text wpcf7-validates-as-required\" aria-required=\"true\" aria-invalid=\"false\" placeholder=\"\" value=\"\" type=\"text\" name=\"Telephone\" \/><\/span>\nPhone number\n[\/wpmlcf7-5-uacf]<\/label> [\/]<\/div>\n\u00a0 \n\n<label><p id=\"cadre\"><span class=\"wpcf7-form-control-wrap\" data-name=\"Details\"><textarea cols=\"40\" rows=\"10\" maxlength=\"2000\" class=\"wpcf7-form-control wpcf7-textarea wpcf7-validates-as-required\" aria-required=\"true\" aria-invalid=\"false\" placeholder=\"Details of your request*.\" name=\"Details\"><\/textarea><\/span> <\/label><\/p>\n\n<p><span style=\"font-size: 12px;\">By submitting this form, you agree that the information entered may be used to process your request. You may rectify them, request their deletion or exercise your right to limit the processing of your data (as specified in the <a href=\"https:\/\/l4m.io\/mentions-legales\/\">legal notice)<\/a>.<\/span><\/p>\n\u00a0\n<p id=\"bouton_contact\"><input class=\"wpcf7-form-control wpcf7-submit has-spinner\" type=\"submit\" value=\"Send\" \/><\/p>\n\u00a0\n<span style=\"color: #000; font-size: 12px;\">* Mandatory fields<\/span><\/div><div class=\"wpcf7-response-output\" aria-hidden=\"true\"><\/div>\n<\/form>\n<\/div>\n[\/vc_column][vc_column][vc_empty_space height=&#8221;80&#8243;][\/vc_column][\/vc_row]<\/p>\n<\/div>","protected":false},"excerpt":{"rendered":"<p>[vc_row][vc_column][vc_empty_space height=&#8221;120px&#8221;][vc_column_text css=&#8221;&#8221;] The Studio [\/vc_column_text][vc_empty_space height=&#8221;60&#8243;][\/vc_column][\/vc_row][vc_row][vc_column][vc_column_text css=&#8221;&#8221;] Founded in 2016, Studio L4M is your 3D creative partner dedicated to turning your ideas into stunning visual realities. Based in the Alpes Maritimes region of France, our studio uses state-of-the-art 3D modeling, real-time visualization and 3D rendering technologies to deliver ultra-realistic interior and exterior perspectives, immersive&hellip;<\/p>\n","protected":false},"author":1,"featured_media":0,"parent":0,"menu_order":0,"comment_status":"closed","ping_status":"closed","template":"","meta":{"inline_featured_image":false,"footnotes":""},"class_list":["post-5482","page","type-page","status-publish","hentry","description-off"],"yoast_head":"<!-- This site is optimized with the Yoast SEO Premium plugin v27.4 (Yoast SEO v27.4) - https:\/\/yoast.com\/product\/yoast-seo-premium-wordpress\/ -->\n<title>3D Production Studio: Architecture, Urbanism, Landscape<\/title>\n<meta name=\"description\" content=\"Studio specializing in 3D visual production: 3D images, animated films, virtual tours. Give life and realism to your projects.\" \/>\n<meta name=\"robots\" content=\"index, follow, max-snippet:-1, max-image-preview:large, max-video-preview:-1\" \/>\n<link rel=\"canonical\" href=\"https:\/\/l4m.io\/en\/studio\/\" \/>\n<meta property=\"og:locale\" content=\"en_US\" \/>\n<meta property=\"og:type\" content=\"article\" \/>\n<meta property=\"og:title\" content=\"3D Production Studio: Architecture, Urbanism, Landscape\" \/>\n<meta property=\"og:description\" content=\"Studio specializing in 3D visual production: 3D images, animated films, virtual tours. Give life and realism to your projects.\" \/>\n<meta property=\"og:url\" content=\"https:\/\/l4m.io\/en\/studio\/\" \/>\n<meta property=\"og:site_name\" content=\"Production visuelle 3D | Studio de perspectives 3D, films 3D et objets 3D\" \/>\n<meta property=\"article:modified_time\" content=\"2025-07-08T10:06:13+00:00\" \/>\n<meta property=\"og:image\" content=\"https:\/\/l4m.io\/wp-content\/uploads\/2024\/07\/images-3d-rendus-perspective-interieure-studio-expert-l4m-projet-harmonie-1024x576.webp\" \/>\n<meta name=\"twitter:card\" content=\"summary_large_image\" \/>\n<meta name=\"twitter:title\" content=\"Studio\" \/>\n<meta name=\"twitter:label1\" content=\"Est. reading time\" \/>\n\t<meta name=\"twitter:data1\" content=\"2 minutes\" \/>\n<script type=\"application\/ld+json\" class=\"yoast-schema-graph\">{\"@context\":\"https:\\\/\\\/schema.org\",\"@graph\":[{\"@type\":\"WebPage\",\"@id\":\"https:\\\/\\\/l4m.io\\\/en\\\/studio\\\/\",\"url\":\"https:\\\/\\\/l4m.io\\\/en\\\/studio\\\/\",\"name\":\"3D Production Studio: Architecture, Urbanism, Landscape\",\"isPartOf\":{\"@id\":\"https:\\\/\\\/l4m.io\\\/en\\\/#website\"},\"datePublished\":\"2022-03-11T10:07:54+00:00\",\"dateModified\":\"2025-07-08T10:06:13+00:00\",\"description\":\"Studio specializing in 3D visual production: 3D images, animated films, virtual tours. Give life and realism to your projects.\",\"breadcrumb\":{\"@id\":\"https:\\\/\\\/l4m.io\\\/en\\\/studio\\\/#breadcrumb\"},\"inLanguage\":\"en-US\",\"potentialAction\":[{\"@type\":\"ReadAction\",\"target\":[\"https:\\\/\\\/l4m.io\\\/en\\\/studio\\\/\"]}]},{\"@type\":\"BreadcrumbList\",\"@id\":\"https:\\\/\\\/l4m.io\\\/en\\\/studio\\\/#breadcrumb\",\"itemListElement\":[{\"@type\":\"ListItem\",\"position\":1,\"name\":\"Accueil\",\"item\":\"https:\\\/\\\/l4m.io\\\/en\\\/\"},{\"@type\":\"ListItem\",\"position\":2,\"name\":\"Studio\"}]},{\"@type\":\"WebSite\",\"@id\":\"https:\\\/\\\/l4m.io\\\/en\\\/#website\",\"url\":\"https:\\\/\\\/l4m.io\\\/en\\\/\",\"name\":\"Production visuelle 3D | Studio de perspectives 3D, films 3D et objets 3D\",\"description\":\"Nous vous proposons tout types de productions visuelles 3D\",\"publisher\":{\"@id\":\"https:\\\/\\\/l4m.io\\\/en\\\/#organization\"},\"potentialAction\":[{\"@type\":\"SearchAction\",\"target\":{\"@type\":\"EntryPoint\",\"urlTemplate\":\"https:\\\/\\\/l4m.io\\\/en\\\/?s={search_term_string}\"},\"query-input\":{\"@type\":\"PropertyValueSpecification\",\"valueRequired\":true,\"valueName\":\"search_term_string\"}}],\"inLanguage\":\"en-US\"},{\"@type\":\"Organization\",\"@id\":\"https:\\\/\\\/l4m.io\\\/en\\\/#organization\",\"name\":\"L4M\",\"alternateName\":\"Les Quatre Mouvements\",\"url\":\"https:\\\/\\\/l4m.io\\\/en\\\/\",\"logo\":{\"@type\":\"ImageObject\",\"inLanguage\":\"en-US\",\"@id\":\"https:\\\/\\\/l4m.io\\\/en\\\/#\\\/schema\\\/logo\\\/image\\\/\",\"url\":\"https:\\\/\\\/l4m.io\\\/wp-content\\\/uploads\\\/2022\\\/08\\\/Logo_L4M_Noir.png\",\"contentUrl\":\"https:\\\/\\\/l4m.io\\\/wp-content\\\/uploads\\\/2022\\\/08\\\/Logo_L4M_Noir.png\",\"width\":1357,\"height\":368,\"caption\":\"L4M\"},\"image\":{\"@id\":\"https:\\\/\\\/l4m.io\\\/en\\\/#\\\/schema\\\/logo\\\/image\\\/\"},\"sameAs\":[\"https:\\\/\\\/www.instagram.com\\\/l4m.studio\\\/\",\"https:\\\/\\\/www.youtube.com\\\/channel\\\/UCJHll4RYMGigsJqy_uhurCA\",\"https:\\\/\\\/www.linkedin.com\\\/company\\\/87212931\\\/\",\"https:\\\/\\\/www.tiktok.com\\\/@l4m.studio\",\"https:\\\/\\\/www.behance.net\\\/studiol4m\"]}]}<\/script>\n<!-- \/ Yoast SEO Premium plugin. -->","yoast_head_json":{"title":"3D Production Studio: Architecture, Urbanism, Landscape","description":"Studio specializing in 3D visual production: 3D images, animated films, virtual tours. Give life and realism to your projects.","robots":{"index":"index","follow":"follow","max-snippet":"max-snippet:-1","max-image-preview":"max-image-preview:large","max-video-preview":"max-video-preview:-1"},"canonical":"https:\/\/l4m.io\/en\/studio\/","og_locale":"en_US","og_type":"article","og_title":"3D Production Studio: Architecture, Urbanism, Landscape","og_description":"Studio specializing in 3D visual production: 3D images, animated films, virtual tours. Give life and realism to your projects.","og_url":"https:\/\/l4m.io\/en\/studio\/","og_site_name":"Production visuelle 3D | Studio de perspectives 3D, films 3D et objets 3D","article_modified_time":"2025-07-08T10:06:13+00:00","og_image":[{"url":"https:\/\/l4m.io\/wp-content\/uploads\/2024\/07\/images-3d-rendus-perspective-interieure-studio-expert-l4m-projet-harmonie-1024x576.webp","type":"","width":"","height":""}],"twitter_card":"summary_large_image","twitter_title":"Studio","twitter_misc":{"Est. reading time":"2 minutes"},"schema":{"@context":"https:\/\/schema.org","@graph":[{"@type":"WebPage","@id":"https:\/\/l4m.io\/en\/studio\/","url":"https:\/\/l4m.io\/en\/studio\/","name":"3D Production Studio: Architecture, Urbanism, Landscape","isPartOf":{"@id":"https:\/\/l4m.io\/en\/#website"},"datePublished":"2022-03-11T10:07:54+00:00","dateModified":"2025-07-08T10:06:13+00:00","description":"Studio specializing in 3D visual production: 3D images, animated films, virtual tours. Give life and realism to your projects.","breadcrumb":{"@id":"https:\/\/l4m.io\/en\/studio\/#breadcrumb"},"inLanguage":"en-US","potentialAction":[{"@type":"ReadAction","target":["https:\/\/l4m.io\/en\/studio\/"]}]},{"@type":"BreadcrumbList","@id":"https:\/\/l4m.io\/en\/studio\/#breadcrumb","itemListElement":[{"@type":"ListItem","position":1,"name":"Accueil","item":"https:\/\/l4m.io\/en\/"},{"@type":"ListItem","position":2,"name":"Studio"}]},{"@type":"WebSite","@id":"https:\/\/l4m.io\/en\/#website","url":"https:\/\/l4m.io\/en\/","name":"Production visuelle 3D | Studio de perspectives 3D, films 3D et objets 3D","description":"Nous vous proposons tout types de productions visuelles 3D","publisher":{"@id":"https:\/\/l4m.io\/en\/#organization"},"potentialAction":[{"@type":"SearchAction","target":{"@type":"EntryPoint","urlTemplate":"https:\/\/l4m.io\/en\/?s={search_term_string}"},"query-input":{"@type":"PropertyValueSpecification","valueRequired":true,"valueName":"search_term_string"}}],"inLanguage":"en-US"},{"@type":"Organization","@id":"https:\/\/l4m.io\/en\/#organization","name":"L4M","alternateName":"Les Quatre Mouvements","url":"https:\/\/l4m.io\/en\/","logo":{"@type":"ImageObject","inLanguage":"en-US","@id":"https:\/\/l4m.io\/en\/#\/schema\/logo\/image\/","url":"https:\/\/l4m.io\/wp-content\/uploads\/2022\/08\/Logo_L4M_Noir.png","contentUrl":"https:\/\/l4m.io\/wp-content\/uploads\/2022\/08\/Logo_L4M_Noir.png","width":1357,"height":368,"caption":"L4M"},"image":{"@id":"https:\/\/l4m.io\/en\/#\/schema\/logo\/image\/"},"sameAs":["https:\/\/www.instagram.com\/l4m.studio\/","https:\/\/www.youtube.com\/channel\/UCJHll4RYMGigsJqy_uhurCA","https:\/\/www.linkedin.com\/company\/87212931\/","https:\/\/www.tiktok.com\/@l4m.studio","https:\/\/www.behance.net\/studiol4m"]}]}},"_links":{"self":[{"href":"https:\/\/l4m.io\/en\/wp-json\/wp\/v2\/pages\/5482","targetHints":{"allow":["GET"]}}],"collection":[{"href":"https:\/\/l4m.io\/en\/wp-json\/wp\/v2\/pages"}],"about":[{"href":"https:\/\/l4m.io\/en\/wp-json\/wp\/v2\/types\/page"}],"author":[{"embeddable":true,"href":"https:\/\/l4m.io\/en\/wp-json\/wp\/v2\/users\/1"}],"replies":[{"embeddable":true,"href":"https:\/\/l4m.io\/en\/wp-json\/wp\/v2\/comments?post=5482"}],"version-history":[{"count":38,"href":"https:\/\/l4m.io\/en\/wp-json\/wp\/v2\/pages\/5482\/revisions"}],"predecessor-version":[{"id":10324,"href":"https:\/\/l4m.io\/en\/wp-json\/wp\/v2\/pages\/5482\/revisions\/10324"}],"wp:attachment":[{"href":"https:\/\/l4m.io\/en\/wp-json\/wp\/v2\/media?parent=5482"}],"curies":[{"name":"wp","href":"https:\/\/api.w.org\/{rel}","templated":true}]}}